{"id":88,"date":"2016-01-14T00:20:51","date_gmt":"2016-01-14T00:20:51","guid":{"rendered":"http:\/\/gruene-Uni.org\/projekte\/?page_id=88"},"modified":"2018-10-29T20:18:18","modified_gmt":"2018-10-29T20:18:18","slug":"about","status":"publish","type":"page","link":"https:\/\/unigardening.de\/projekts\/tatendrang\/about\/","title":{"rendered":"Geschichte Tatendrang~Netzwerk"},"content":{"rendered":"<p><span style=\"color: #ffffff;\"><img loading=\"lazy\" decoding=\"async\" class=\"alignnone wp-image-657\" src=\"https:\/\/unigardening.de\/projekts\/tatendrang\/wp-content\/uploads\/2018\/10\/TN_Logo_Tatendrang-Netzwerk.de_369.png\" alt=\"\" width=\"199\" height=\"230\" srcset=\"https:\/\/unigardening.de\/projekts\/tatendrang\/wp-content\/uploads\/2018\/10\/TN_Logo_Tatendrang-Netzwerk.de_369.png 369w, https:\/\/unigardening.de\/projekts\/tatendrang\/wp-content\/uploads\/2018\/10\/TN_Logo_Tatendrang-Netzwerk.de_369-259x300.png 259w\" sizes=\"auto, (max-width: 199px) 100vw, 199px\" \/>xxx<\/span><\/p>\n<ul>\n<li>2008 wurde von drei engagierten Studierenden an der TU Berlin die unabh\u00e4ngige und \u00fcberparteiliche Hochschulgruppe&nbsp; gegr\u00fcndet. Bereits zu Anfang gab es eine Zusammenarbeit mit dem Urban Gardening Projekt &#8218;Dachg\u00e4rten f\u00fcr Alle&#8216; und der Baumpflanzinitiative &#8218;Wikiwoods&#8216;, au\u00dferdem wurde die Idee Fahrr\u00e4der aus Bambus zu bauen propagiert. <a href=\"https:\/\/unigardening.de\/projekts\/tatendrang\/wp-content\/uploads\/2016\/01\/2009_obstbaeume_tu.jpg\" target=\"_blank\" rel=\"attachment wp-att-91 noopener\"><img loading=\"lazy\" decoding=\"async\" class=\"alignright wp-image-91 size-thumbnail\" src=\"https:\/\/unigardening.de\/projekts\/tatendrang\/wp-content\/uploads\/2016\/01\/2009_obstbaeume_tu-150x150.jpg\" alt=\"2009_obstbaeume_tu-berlin_campus\" width=\"150\" height=\"150\"><\/a><\/li>\n<li>2009 wurde das Projekt &#8218;Lecker GemeinschaftsDACHg\u00e4rten&#8216; ins Leben gerufen, sowie mehrere Obstb\u00e4ume und -b\u00fcsche auf dem TU Campus gepflanzt.<\/li>\n<li>Das&nbsp;&#8222;Tatendrang~Netzwerk&#8220; hat sich aktiv an der Formulierung des Leitbildes der TU Berlin beteiligt.<\/li>\n<li>&#8222;Tatendrang~Netzwerk&#8220; Mitglieder betreuten das extra neu eingerichtete Umwelt-Referat des TU Berlin AStA. <a href=\"https:\/\/unigardening.de\/projekts\/tatendrang\/wp-content\/uploads\/2016\/01\/2009_erstes_grueneUni-BambooBike.jpg\" target=\"_blank\" rel=\"attachment wp-att-90 noopener\"><img loading=\"lazy\" decoding=\"async\" class=\"alignright wp-image-90 size-thumbnail\" src=\"https:\/\/unigardening.de\/projekts\/tatendrang\/wp-content\/uploads\/2016\/01\/2009_erstes_grueneUni-BambooBike-150x150.jpg\" alt=\"2009_erstes_grueneUni-BambooBike\" width=\"150\" height=\"150\"><\/a><\/li>\n<li>Es gab noch einige weitere Aktionen und Projekte, z.B.: Woche der Sonne 2008 &amp; 2009, \u00d6kostrom an Hochschulen, \u00d6kostromwechselparty etc&#8230;<\/li>\n<li>2009 wurde ebenfalls das erste &#8222;Tatendrang~Netzwerk&#8220;-Bambusfahrrad gebaut und das BambusRad-Projekt initiiert, welches ab 2010 sehr stark in den \u00fcberregionalen Medien vertreten war und so das Thema &#8218;Fahrr\u00e4der aus Bambus&#8216; bundesweit bekannt machte.<\/li>\n<li>Als zweites nachhaltiges Fahrradprojekt kam dann Ende 2010 die erste &#8222;Tatendrang~Netzwerk&#8220;-Projektwerkstatt &#8218;NaWaRo-Fahrrad ~ NachWachsende Rohstoffe auf R\u00e4dern&#8216; hinzu, auf die 2012 eine weitere PW NaWaRo-Fahrrad folgte.<\/li>\n<li>Das&nbsp;&#8222;Tatendrang~Netzwerk&#8220;&nbsp; ist ein <a href=\"http:\/\/dekade.org\/datenbank\/index.php?d=g&amp;gType=11&amp;gid=1062&amp;hLite=gr%C3%BCne%20uni\" target=\"_blank\" rel=\"noopener\">BNE Projekt 2010-2011<\/a> ~ UN-Dekade Bildung f\u00fcr nachhaltige Entwicklung 2005-2014<\/li>\n<li>Zum Sommersemester 2013 startete die &#8222;Tatendrang~Netzwerk&#8220;-Projektwerkstatt &#8218;Permakultur &amp; Terra Preta in der Stadt &amp; auf dem Land&#8216;, die sich in vielf\u00e4ltige Teilprojekte mit Kooperationen in Berlin und Brandenburg aufgliederte. Die einzelnen studentischen Projektgruppen waren u.a. an folgenden Standorten g\u00e4rtnerisch-planerisch aktiv: Klunkerkranich Dachgartenprojekt, Prinzessinneng\u00e4rten, Garten der Landschaftsarchitektur, Campus der Hochschule f\u00fcr Nachhaltige Entwicklung Eberswalde, Gleisbeet, G\u00e4rten und auf Balkonen von Studierenden.<br \/>\nIm Wintersemester 2013\/14 wurde von der PW gemeinsam mit der FU Nachhaltigkeits-initiative &#8218;Sustain it!&#8216; auf einer Fl\u00e4che im Botanischen Garten der Freien Universit\u00e4t das Gemeinschaftsprojekt &#8218;UniGardening&#8216; gestartet, welches in direkter Nachbarschaft zum Terra Preta Forschungsprojekt &#8218;Terra-BoGa&#8216; bis heute aktiv ist. <img loading=\"lazy\" decoding=\"async\" class=\"alignright wp-image-92 size-thumbnail\" title=\"HNEE Projektwerkstaetten-Von-Studis-fuer-Studis\" src=\"https:\/\/unigardening.de\/projekts\/tatendrang\/wp-content\/uploads\/2016\/01\/frischling-fresh-HNEE_PWs-369x321-150x150.jpg\" alt=\"\" width=\"150\" height=\"150\"><\/li>\n<li>\u00dcbertragung des TU-Projektwerkst\u00e4tten Konzeptes auf die Hochschule f\u00fcr Nachhaltige Entwicklung Eberswalde:<br \/>\nEine der TutorInnen der ersten beiden Semester der TU Projektwerkstatt &#8218;Permakultur und Terra Preta&#8216; studierte an der HNEE in Eberswalde und hat dort, zusammen mit einer weiteren ehemaligen TU-Studentin, in wenigen Semestern das Projektwerkst\u00e4tten Konzept nach TU Berlin Vorbild mit Hilfe der HNEE-Verwaltung an den Start gebracht und zum Wintersemester 2014\/15 die dortige HNEE-Partnerprojektwerkstatt &#8218;Terra Preta und Permakultur&#8216; gegr\u00fcndet.<\/li>\n<li>Nach Ablauf der beiden NaWaRo-Fahrrad Projektwerkst\u00e4tten Ende 2014, l\u00e4uft das NaWaRo-Projekt mit Unterst\u00fctzung des DFG Forschungsprojektes Sustainable-Manufacturing.net&nbsp; bis M\u00e4rz 2016 am PTZ (Produktionstechnisches Zentrum) der TU Berlin weiter.<\/li>\n<li>Im WiSe 2015\/16 werden zwei neue Schwester-Projektwerkstatt-Antr\u00e4ge mit den Titeln &#8218;Alternative Agriculture, Terra Preta and Climate Engineering&#8216; und &#8218;Eco-FabLab und NaWaRo-Velo_mobil! ~ offene studentische Werkstatt &amp; regionale NachWachsende Rohstoffe auf R\u00e4dern&#8216; an der TU gestellt.<\/li>\n<li>In den letzten 8 Jahren haben sich gut 400 Studierende im Rahmen von &#8222;Tatendrang~Netzwerk&#8220;~Projekten f\u00fcr &#8222;sozial und \u00f6kologisch n\u00fctzliches Denken und Handeln&#8220; engagiert <em>!<\/em><\/li>\n<\/ul>\n<p>&nbsp;<\/p>\n<p><strong>Fortsetzung Geschichte der <\/strong>&#8222;<strong>Tatendrang~Netzwerk<\/strong>&#8222;&#8230;<\/p>\n<ul>\n<li>Zum Wintersemester 2016\/17 startete die neue Projektwerkstatt &#8222;UniGardening ~ Urbanes G\u00e4rtnern an Berliner Hochschulen&#8220; als Nachfolgeprojekt der PW &#8222;Permakultur &amp; Terra Preta&#8220;.<br \/>\nZwischenzeitlich wurde das &#8222;UniGardening~NetzWerk&#8220; gegr\u00fcndet und erfolgreich am yooweedoo-Ideenwettbewerb teilgenommen.<br \/>\nEs wurde ebenfalls ein neuer Terra Preta PW-Antrag gestellt.<\/li>\n<li>Im Sommersemester 2017 ist das tu project &#8222;do it yourself &amp; mechatronics lab&#8220; an den Start gegangen<\/li>\n<li>zum SoSe 2018 geht die neue TU-PW &#8222;Terra-Preta&#8220; an den Start.<\/li>\n<li>zum SoSe 2018 geht ebenfalls das Gewinnerprojekt des TU Nachhaltigkeitspreises &#8222;CampusG\u00e4rten Charlottenburg&#8220; an den Start<\/li>\n<li>weitere Infos folgen &#8230;<\/li>\n<\/ul>\n<p><strong>Weitere Infos zum &#8222;Tatendrang~Netzwerk&#8220; gibt es auf den<\/strong>&nbsp;<strong> Archivseiten &#8230;&nbsp; <\/strong><\/p>\n<h2>Entschleunigung<\/h2>\n<p><a title=\"die gr\u00fcneUni ist ein BNE Projekt 2010-2011 UN-Dekade Bildung f\u00fcr nachhaltige Entwicklung\" href=\"http:\/\/www.dekade.org\/datenbank\/index.php?d=g&amp;gType=11&amp;gid=1062&amp;hLite=gr%C3%BCne%20uni\" target=\"_blank\" rel=\"attachment wp-att-164 noopener\"><img loading=\"lazy\" decoding=\"async\" class=\"alignright wp-image-164 size-full\" src=\"https:\/\/unigardening.de\/projekts\/tatendrang\/wp-content\/uploads\/2016\/01\/BNE_2010-2011.jpg\" alt=\"UN-Dekade Bildung f\u00fcr nachhaltige Entwicklung\" width=\"169\" height=\"383\" srcset=\"https:\/\/unigardening.de\/projekts\/tatendrang\/wp-content\/uploads\/2016\/01\/BNE_2010-2011.jpg 169w, https:\/\/unigardening.de\/projekts\/tatendrang\/wp-content\/uploads\/2016\/01\/BNE_2010-2011-132x300.jpg 132w\" sizes=\"auto, (max-width: 169px) 100vw, 169px\" \/><\/a>Die Entschleunigung des Studiums und des Alltags sind bisher kaum behandelte Themen.<br \/>\nDamit sich dies rasch \u00e4ndert, nutzen wir die Antrittsrede der Pr\u00e4sidentin der Universit\u00e4t G\u00f6ttingen,&nbsp; Prof. Dr. Ulrike Beisiegel, als Inspirationsquelle f\u00fcr k\u00fcnftiges Handeln ~ Ausz\u00fcge hieraus:<\/p>\n<p style=\"padding-left: 30px;\"><em>&#8222;Universit\u00e4re Lehre muss auf den neuesten wissenschaftlichen Erkenntnissen beruhen \u2013 sie muss \u201aforschungsbasiert\u2018 sein. Diese Forderung kann nur erf\u00fcllt werden, wenn Universit\u00e4ten auch hervorragende Forschungseinrichtungen sind, die ihren Mitgliedern, wie Sie, Herr Krull, es bereits in hervorragender Weise formuliert haben, Zeit und Mu\u00dfe geben, um die komplexen Zusammenh\u00e4nge durchdenken zu k\u00f6nnen. <\/em><\/p>\n<p style=\"padding-left: 30px;\"><em>Mein Ziel f\u00fcr unsere Universit\u00e4t ist es daher, mit einer gezielten Entschleunigung im Prozess&nbsp; der Wissen-schaft den Raum f\u00fcr kreatives Arbeiten zu geben sowie die Zeit zur Korrektur der unvermeidlichen und oftmals keineswegs kleinen Irrt\u00fcmer. Dadurch k\u00f6nnen wir die Qualit\u00e4t der Wissenschaft deutlich steigern. <\/em><\/p>\n<p style=\"padding-left: 30px;\"><em>Wolfgang Fr\u00fchwald, der von mir sehr gesch\u00e4tzte ehemalige DFG-Pr\u00e4sident, hat dazu gesagt:&nbsp; \u201aDie Entschleunigung des notwendig von Irrt\u00fcmern begleiteten Prozesses der Wissenschaft ist eine Aufgabe geworden, die anderen Weltproblemen (Klima, Energie und Wasserprobleme) in nichts mehr nachsteht\u2018.&#8220;&nbsp;<\/em><\/p>\n<p><span style=\"color: #ffffff;\">xxx<\/span><\/p>\n","protected":false},"excerpt":{"rendered":"<p>xxx 2008 wurde von drei engagierten Studierenden an der TU Berlin die unabh\u00e4ngige und \u00fcberparteiliche Hochschulgruppe&nbsp; gegr\u00fcndet. Bereits zu Anfang gab es eine Zusammenarbeit mit dem Urban Gardening Projekt &#8218;Dachg\u00e4rten f\u00fcr Alle&#8216; und der Baumpflanzinitiative &#8218;Wikiwoods&#8216;, au\u00dferdem wurde die Idee Fahrr\u00e4der aus Bambus zu bauen propagiert. 2009 wurde das Projekt &#8218;Lecker GemeinschaftsDACHg\u00e4rten&#8216; ins Leben gerufen, &hellip; <a href=\"https:\/\/unigardening.de\/projekts\/tatendrang\/about\/\" class=\"more-link\"><span class=\"screen-reader-text\">Geschichte Tatendrang~Netzwerk<\/span> weiterlesen <span class=\"meta-nav\">&rarr;<\/span><\/a><\/p>\n","protected":false},"author":1,"featured_media":0,"parent":0,"menu_order":0,"comment_status":"closed","ping_status":"closed","template":"","meta":{"inline_featured_image":false,"ngg_post_thumbnail":0,"footnotes":""},"class_list":["post-88","page","type-page","status-publish","hentry"],"_links":{"self":[{"href":"https:\/\/unigardening.de\/projekts\/tatendrang\/wp-json\/wp\/v2\/pages\/88","targetHints":{"allow":["GET"]}}],"collection":[{"href":"https:\/\/unigardening.de\/projekts\/tatendrang\/wp-json\/wp\/v2\/pages"}],"about":[{"href":"https:\/\/unigardening.de\/projekts\/tatendrang\/wp-json\/wp\/v2\/types\/page"}],"author":[{"embeddable":true,"href":"https:\/\/unigardening.de\/projekts\/tatendrang\/wp-json\/wp\/v2\/users\/1"}],"replies":[{"embeddable":true,"href":"https:\/\/unigardening.de\/projekts\/tatendrang\/wp-json\/wp\/v2\/comments?post=88"}],"version-history":[{"count":23,"href":"https:\/\/unigardening.de\/projekts\/tatendrang\/wp-json\/wp\/v2\/pages\/88\/revisions"}],"predecessor-version":[{"id":661,"href":"https:\/\/unigardening.de\/projekts\/tatendrang\/wp-json\/wp\/v2\/pages\/88\/revisions\/661"}],"wp:attachment":[{"href":"https:\/\/unigardening.de\/projekts\/tatendrang\/wp-json\/wp\/v2\/media?parent=88"}],"curies":[{"name":"wp","href":"https:\/\/api.w.org\/{rel}","templated":true}]}}