{"id":85,"date":"2016-01-14T00:44:52","date_gmt":"2016-01-14T00:44:52","guid":{"rendered":"http:\/\/gruene-Uni.org\/projekte\/?page_id=85"},"modified":"2018-06-23T16:03:17","modified_gmt":"2018-06-23T16:03:17","slug":"urban_gardening","status":"publish","type":"page","link":"https:\/\/unigardening.de\/projekts\/tatendrang\/urban_gardening\/","title":{"rendered":"Urban Gardening ~ Alternative Landwirtschaft"},"content":{"rendered":"<p>Das &#8222;Tatendrang~Netzwerk&#8220; ist bereits seit 2008 mit Projekten in den Bereichen Urban Gardening und Alternative Landwirtschaft aktiv.<\/p>\n<p><img loading=\"lazy\" decoding=\"async\" class=\"alignnone size-full wp-image-134\" title=\"Pflanzen was der Spaten haelt!\" src=\"https:\/\/unigardening.de\/projekts\/tatendrang\/wp-content\/uploads\/2016\/01\/Urban-Gardening_PermaBlitz-Berlin_starten-Animation-v2slow.gif\" alt=\"Pflanzen was der Spaten h\u00e4lt!\" width=\"299\" height=\"510\" \/><\/p>\n<p><strong>Ziele<\/strong>: Starten einer Community u.a. zur Anlegung m\u00f6glichst vieler Anbaufl\u00e4chen &amp; GemeinschaftsDACHg\u00e4rten um auf den zuk\u00fcnftigen &#8222;gr\u00fcnen Gro\u00dfstadtdschungel&#8220; hinzuarbeiten. <a href=\"http:\/\/tatendrang-netzwerk.eu\/lgDg\/www.gemeinschaftsdachgaerten.de\/lecker\" target=\"_blank\" rel=\"noopener\"><img loading=\"lazy\" decoding=\"async\" class=\"alignright\" src=\"http:\/\/tatendrang-netzwerk.eu\/lgDg\/www.gemeinschaftsdachgaerten.de\/lecker\/sites\/default\/files\/lecker_GemeinschaftsDACHgaerten.de_logo199.png\" alt=\"Logo lecker_GemeinschaftsDACHgaerten.de\" width=\"199\" height=\"170\" \/><\/a><\/p>\n<p><strong>Setzte Deine Visionen um<em>!<\/em><\/strong><br \/>\n&#8230; von Deinem blumigen Fensterbrett &#8211; von Deinem wildw\u00fcchsigen Balkon &#8211; von Deinem nachbarschaftlichen GemeinschaftsDACHgarten &#8211; von Deiner weinberebten Mietshauswand &#8211; von deinem interkulturellen Nachbarschaftsgarten &#8211; von Deinem obstbaumbepflanzten Stadtpark &#8211; zusammen mit Deinen Nachbarn<em>!<\/em><\/p>\n<p><strong>Kontakt<\/strong>: <a href=\"https:\/\/unigardening.de\/projekts\/tatendrang\/sample-page\"><strong>eMail-Formular<\/strong>&#8230;<\/a><\/p>\n<ul>\n<li><strong>Link Archivseiten<\/strong>: &#8222;<strong><a href=\"http:\/\/tatendrang-netzwerk.eu\/lgDg\/www.gemeinschaftsdachgaerten.de\/lecker\" target=\"_blank\" rel=\"noopener\">lecker GemeinschaftsDACHgaerten.de<\/a><\/strong>&#8222;<\/li>\n<li><strong>Link Archivseiten<\/strong>: &#8222;<strong><a href=\"http:\/\/tatendrang-netzwerk.eu\/AA\/www.alternative-agriculture.org\/real\" target=\"_blank\" rel=\"noopener\">Alternative Landwirtschaft<\/a><\/strong>&#8222;<\/li>\n<\/ul>\n<p><a href=\"http:\/\/tatendrang-netzwerk.eu\/AA\/alternative-agriculture.org\/Ba5_Terra-Preta_Comic_v1e-web.pdf\" target=\"_blank\" rel=\"noopener\"><img loading=\"lazy\" decoding=\"async\" class=\"alignnone\" style=\"border: solid 1px green;\" src=\"http:\/\/tatendrang-netzwerk.eu\/AA\/alternative-agriculture.org\/Terra_Preta_Titel2.jpg\" alt=\"Download Terra Preta Comic\" width=\"309\" height=\"458\" \/><\/a><\/p>\n<p><strong>Download<\/strong>: <strong><a href=\"http:\/\/tatendrang-netzwerk.eu\/AA\/alternative-agriculture.org\/Ba5_Terra-Preta_Comic_v1e-web.pdf\" target=\"_blank\" rel=\"noopener\">Anleitung zur Herstellung von Bokashi Terra Preta<\/a><\/strong><\/p>\n","protected":false},"excerpt":{"rendered":"<p>Das &#8222;Tatendrang~Netzwerk&#8220; ist bereits seit 2008 mit Projekten in den Bereichen Urban Gardening und Alternative Landwirtschaft aktiv. Ziele: Starten einer Community u.a. zur Anlegung m\u00f6glichst vieler Anbaufl\u00e4chen &amp; GemeinschaftsDACHg\u00e4rten um auf den zuk\u00fcnftigen &#8222;gr\u00fcnen Gro\u00dfstadtdschungel&#8220; hinzuarbeiten. Setzte Deine Visionen um! &#8230; von Deinem blumigen Fensterbrett &#8211; von Deinem wildw\u00fcchsigen Balkon &#8211; von Deinem nachbarschaftlichen GemeinschaftsDACHgarten &hellip; <a href=\"https:\/\/unigardening.de\/projekts\/tatendrang\/urban_gardening\/\" class=\"more-link\"><span class=\"screen-reader-text\">Urban Gardening ~ Alternative Landwirtschaft<\/span> weiterlesen <span class=\"meta-nav\">&rarr;<\/span><\/a><\/p>\n","protected":false},"author":1,"featured_media":0,"parent":0,"menu_order":0,"comment_status":"closed","ping_status":"closed","template":"","meta":{"inline_featured_image":false,"ngg_post_thumbnail":0,"footnotes":""},"class_list":["post-85","page","type-page","status-publish","hentry"],"_links":{"self":[{"href":"https:\/\/unigardening.de\/projekts\/tatendrang\/wp-json\/wp\/v2\/pages\/85","targetHints":{"allow":["GET"]}}],"collection":[{"href":"https:\/\/unigardening.de\/projekts\/tatendrang\/wp-json\/wp\/v2\/pages"}],"about":[{"href":"https:\/\/unigardening.de\/projekts\/tatendrang\/wp-json\/wp\/v2\/types\/page"}],"author":[{"embeddable":true,"href":"https:\/\/unigardening.de\/projekts\/tatendrang\/wp-json\/wp\/v2\/users\/1"}],"replies":[{"embeddable":true,"href":"https:\/\/unigardening.de\/projekts\/tatendrang\/wp-json\/wp\/v2\/comments?post=85"}],"version-history":[{"count":5,"href":"https:\/\/unigardening.de\/projekts\/tatendrang\/wp-json\/wp\/v2\/pages\/85\/revisions"}],"predecessor-version":[{"id":420,"href":"https:\/\/unigardening.de\/projekts\/tatendrang\/wp-json\/wp\/v2\/pages\/85\/revisions\/420"}],"wp:attachment":[{"href":"https:\/\/unigardening.de\/projekts\/tatendrang\/wp-json\/wp\/v2\/media?parent=85"}],"curies":[{"name":"wp","href":"https:\/\/api.w.org\/{rel}","templated":true}]}}