{"id":80,"date":"2016-01-14T01:06:56","date_gmt":"2016-01-14T01:06:56","guid":{"rendered":"http:\/\/gruene-Uni.org\/projekte\/?page_id=80"},"modified":"2024-02-01T23:38:06","modified_gmt":"2024-02-01T23:38:06","slug":"nawaro-fahrrad","status":"publish","type":"page","link":"https:\/\/unigardening.de\/projekts\/tatendrang\/nawaro-fahrrad\/","title":{"rendered":"NaWaRo-Fahrrad ~ regionale NachWachsende Rohstoffe auf R\u00e4dern"},"content":{"rendered":"<p><a href=\"https:\/\/tatendrang.4ftr.eu\/nawaro-fahrrad\" target=\"_blank\" rel=\"noopener noreferrer\"><img loading=\"lazy\" decoding=\"async\" class=\"alignright wp-image-27 size-full\" src=\"https:\/\/unigardening.de\/projekts\/tatendrang\/wp-content\/uploads\/2015\/09\/NaWaRo-Fahrrad.de_PW-Logo_0.png\" alt=\"NaWaRo-Fahrrad.de_PW-Logo_0\" width=\"199\" height=\"228\"><\/a> <strong>Im Rahmen der&nbsp; Hochschulgruppe &#8222;Tatendrang~Netzwerk&#8220; gab es bisher zwei NaWaRo-Fahrrad Projektwerkst\u00e4tten ~ Laufzeit 2010-2012-2014 ~ an der TU Berlin.<\/strong> <strong>Das Projekt NaWaRo-Fahrrad l\u00e4uft aber mit Hilfe von Kooperationsparnern weiter.<\/strong><\/p>\n<p>Ein interdisziplin\u00e4res Team von Studierenden der TU-Berlin und anderer Hochschulen aus Berlin und Brandenburg, hat sich zum Ziel gesetzt, alternative, regionale &amp; \u00f6kologische Roh- &amp; Werkstoffe zu erforschen und die Idee eines bis zu 90% aus Material pflanzlichen Ursprungs bestehenden Fahrrades Wirklichkeit werden zu lassen. Mitentwickeln k\u00f6nnen Studierende aller Semester und Studieng\u00e4nge.<\/p>\n<p><strong>Aktuelle Infos &amp; Kontakt<\/strong>: <a href=\"https:\/\/tatendrang.4ftr.eu\/nawaro-fahrrad\" target=\"_blank\" rel=\"noopener\">NaWaRo-Fahrrad.de<\/a><\/p>\n<p><img loading=\"lazy\" decoding=\"async\" class=\"size-medium wp-image-57 alignnone\" src=\"https:\/\/unigardening.de\/projekts\/tatendrang\/wp-content\/uploads\/2015\/09\/HMI_2012-04-23_14.04.39_1_nawaro-fahrrad.de_-369x466-238x300.jpg\" alt=\"HMI_2012-04-23_14.04.39_1_nawaro-fahrrad.de_-369x466\" width=\"238\" height=\"300\" srcset=\"https:\/\/unigardening.de\/projekts\/tatendrang\/wp-content\/uploads\/2015\/09\/HMI_2012-04-23_14.04.39_1_nawaro-fahrrad.de_-369x466-238x300.jpg 238w, https:\/\/unigardening.de\/projekts\/tatendrang\/wp-content\/uploads\/2015\/09\/HMI_2012-04-23_14.04.39_1_nawaro-fahrrad.de_-369x466.jpg 369w\" sizes=\"auto, (max-width: 238px) 100vw, 238px\" \/><\/p>\n<p>Photo: Die Projektwerkstatt \/ das Projekt NaWaRo-Fahrrad hat seit 2011 bereits vier mal auf dem TU Berlin Gemeinschaftsstand &#8222;Forschungsmarkt Berlin Brandenburg&#8220; auf der Hannovermesse ausgestellt.<\/p>\n","protected":false},"excerpt":{"rendered":"<p>Im Rahmen der&nbsp; Hochschulgruppe &#8222;Tatendrang~Netzwerk&#8220; gab es bisher zwei NaWaRo-Fahrrad Projektwerkst\u00e4tten ~ Laufzeit 2010-2012-2014 ~ an der TU Berlin. Das Projekt NaWaRo-Fahrrad l\u00e4uft aber mit Hilfe von Kooperationsparnern weiter. Ein interdisziplin\u00e4res Team von Studierenden der TU-Berlin und anderer Hochschulen aus Berlin und Brandenburg, hat sich zum Ziel gesetzt, alternative, regionale &amp; \u00f6kologische Roh- &amp; Werkstoffe &hellip; <a href=\"https:\/\/unigardening.de\/projekts\/tatendrang\/nawaro-fahrrad\/\" class=\"more-link\"><span class=\"screen-reader-text\">NaWaRo-Fahrrad ~ regionale NachWachsende Rohstoffe auf R\u00e4dern<\/span> weiterlesen <span class=\"meta-nav\">&rarr;<\/span><\/a><\/p>\n","protected":false},"author":1,"featured_media":0,"parent":0,"menu_order":0,"comment_status":"closed","ping_status":"closed","template":"","meta":{"inline_featured_image":false,"ngg_post_thumbnail":0,"footnotes":""},"class_list":["post-80","page","type-page","status-publish","hentry"],"_links":{"self":[{"href":"https:\/\/unigardening.de\/projekts\/tatendrang\/wp-json\/wp\/v2\/pages\/80","targetHints":{"allow":["GET"]}}],"collection":[{"href":"https:\/\/unigardening.de\/projekts\/tatendrang\/wp-json\/wp\/v2\/pages"}],"about":[{"href":"https:\/\/unigardening.de\/projekts\/tatendrang\/wp-json\/wp\/v2\/types\/page"}],"author":[{"embeddable":true,"href":"https:\/\/unigardening.de\/projekts\/tatendrang\/wp-json\/wp\/v2\/users\/1"}],"replies":[{"embeddable":true,"href":"https:\/\/unigardening.de\/projekts\/tatendrang\/wp-json\/wp\/v2\/comments?post=80"}],"version-history":[{"count":8,"href":"https:\/\/unigardening.de\/projekts\/tatendrang\/wp-json\/wp\/v2\/pages\/80\/revisions"}],"predecessor-version":[{"id":6164,"href":"https:\/\/unigardening.de\/projekts\/tatendrang\/wp-json\/wp\/v2\/pages\/80\/revisions\/6164"}],"wp:attachment":[{"href":"https:\/\/unigardening.de\/projekts\/tatendrang\/wp-json\/wp\/v2\/media?parent=80"}],"curies":[{"name":"wp","href":"https:\/\/api.w.org\/{rel}","templated":true}]}}