{"id":76,"date":"2016-01-14T00:38:45","date_gmt":"2016-01-14T00:38:45","guid":{"rendered":"http:\/\/gruene-Uni.org\/projekte\/?page_id=76"},"modified":"2018-06-23T16:08:56","modified_gmt":"2018-06-23T16:08:56","slug":"unigardening","status":"publish","type":"page","link":"https:\/\/unigardening.de\/projekts\/tatendrang\/unigardening\/","title":{"rendered":"UniGardening NetzWerk"},"content":{"rendered":"<h3><strong>Urbanes G\u00e4rtnern an Hochschulen<\/strong><\/h3>\n<p><strong>Neue Webseite siehe: <\/strong><a href=\"http:\/\/unigardening.de\/netzwerk\" target=\"_blank\" rel=\"noopener\"><strong>www.UniGardening.de\/netzwerk . . .<\/strong> <\/a><\/p>\n<hr \/>\n<p><strong>UniGardening ~ Urbanes G\u00e4rtnern auf dem Campus Charlottenburg <a href=\"https:\/\/unigardening.de\/projekts\/tatendrang\/sample-page\" rel=\"attachment wp-att-307\"><img loading=\"lazy\" decoding=\"async\" class=\"alignright wp-image-307 size-full\" src=\"https:\/\/unigardening.de\/projekts\/tatendrang\/wp-content\/uploads\/2016\/04\/UniGardening_LOGO_gruene-Uni.org_CamCha_GC369.jpg\" alt=\"UniGardening_LOGO_gruene-Uni.org_CamCha_GC369\" width=\"369\" height=\"369\" \/><\/a><br \/>\n<\/strong><\/p>\n<p>UniGardening hat u.a. die Anlegung von gr\u00fcnen &amp; essbaren Oasen auf dem Campus als Ziel. In einem ersten UniGardening-Schaugarten werden verschiedene UrbanGardening Konzepte und Methoden angewendet bzw.<br \/>\nerprobt, wie z.B.: Anlegung von Hochbeeten, Vertikalbegr\u00fcnung, Mischkulturen, Kompostierung &#8230;<br \/>\nBei UniGardening geht es auch um die Kooperation und den interdisziplin\u00e4ren Austausch mit verschiedenen Hochschul-Fachgebieten.<\/p>\n<p><em> Mitmachen k\u00f6nnen Studierende aller Semester, Studieng\u00e4nge &amp; Hochschulen ~ LPs, Bachelor- &amp; Masterarbeiten auf Anfrage m\u00f6glich<\/em>.<\/p>\n<h3>Interkulturelle Uni-Schaug\u00e4rten<\/h3>\n<p>Es geht auch darum die alte Kulturtechnik des G\u00e4rtnerns bzw. der Landwirtschaft allen Hochschulmitgliedern n\u00e4her zu bringen.<br \/>\nNutzg\u00e4rten sind herausragende kommunikative Treffpunkte, es sollen daher vor allem auch internationale Studierende und Refugees eingeladen werden sich zu beteiligen.<\/p>\n<p><strong>Weitere Infos, erstes Treffen &amp; Anmeldung per <a href=\"https:\/\/unigardening.de\/projekts\/tatendrang\/sample-page\">eMail<\/a><\/strong><a href=\"https:\/\/unigardening.de\/projekts\/tatendrang\/sample-page\">&#8230;<\/a><\/p>\n<hr \/>\n<p><strong>Neues UniGardening-NetzWerk Video<\/strong> <span style=\"font-size: small;\">(1,5Min)<\/span>:<br \/>\n<iframe loading=\"lazy\" src=\"https:\/\/www.youtube.com\/embed\/HDcconE1hPs?rel=0&amp;showinfo=0\" width=\"399\" height=\"224\" frameborder=\"0\" allowfullscreen=\"allowfullscreen\"><\/iframe><\/p>\n<p><strong>Gewonnen<em>!<\/em><\/strong><br \/>\nDas UniGardening~NetzWerk ist ein Siegerprojekt des yooweedoo Ideenwettbewerbs 2016 <em>!!!<\/em><\/p>\n<p><a href=\"http:\/\/www.yooweedoo.org\" target=\"_blank\" rel=\"noopener\"><img loading=\"lazy\" decoding=\"async\" class=\"alignnone size-full wp-image-300\" src=\"https:\/\/unigardening.de\/projekts\/tatendrang\/wp-content\/uploads\/2016\/01\/Anlage-1-zur-Mail-an-Preistraeger_269.jpg\" alt=\"Anlage-1-zur-Mail-an-Preistraeger_269\" width=\"269\" height=\"299\" \/><\/a><br \/>\n<strong>Ausgezeichnet im <a href=\"http:\/\/www.yooweedoo.org\" target=\"_blank\" rel=\"noopener\">yooweedoo Ideenwettbewerb<\/a> 2016<\/strong><br \/>\n<strong>Unterst\u00fctzt durch den <a href=\"https:\/\/www.stifterverband.org\" target=\"_blank\" rel=\"noopener\">Stifterverband f\u00fcr die Deutsche Wissenschaft<\/a><\/strong><\/p>\n<p><strong>Worum geht&#8217;s ?!<\/strong><br \/>\nIst eure Uni auch grau und langweilig?!<br \/>\nWollt ihr selber Hand anlegen?!<br \/>\nDann startet eure eigene UniGardening Initiative! <img loading=\"lazy\" decoding=\"async\" class=\"size-medium wp-image-216 alignright\" src=\"https:\/\/unigardening.de\/projekts\/tatendrang\/wp-content\/uploads\/2016\/01\/UniGardening-NetzWerk_UGNW_Logo-1.jpg\" alt=\"UniGardening-NetzWerk_UGNW_Logo\" width=\"199\" height=\"86\" \/><br \/>\nBei Unigardening geht es auch um die Kooperation und den Austausch mit Fachgebieten an eurer Hochschule.<br \/>\nSo kann neue Lehre und Forschung zu Urban Gardening entstehen.<br \/>\nDas neue G\u00e4rtner Know How k\u00f6nnt ihr dann auch bei euch zu Hause zur Selbstversorgung anwenden.<br \/>\nDas UniGardening Netzwerk will Urban Gardening und Urban Farming an alle Hochschulen bringen!<\/p>\n<hr \/>\n<p><a href=\"https:\/\/unigardening.de\/projekts\/tatendrang\/neue-unigardening-initiative-starten\"><img loading=\"lazy\" decoding=\"async\" class=\"alignleft wp-image-240 size-full\" title=\"Eigene UniGardening-Initiative starten....\" src=\"https:\/\/unigardening.de\/projekts\/tatendrang\/wp-content\/uploads\/2016\/02\/RotBluete_1-10anim_4.gif\" alt=\"RotBluete_1-10anim_4\" width=\"69\" height=\"69\" \/><\/a><strong>Jetzt eure eigene UniGardening-Initiative<br \/>\nan eurer Hochschule an den Start bringen<em>!<\/em><br \/>\nHier gehts zur <a href=\"https:\/\/unigardening.de\/projekts\/tatendrang\/neue-unigardening-initiative-starten\">Schritt-f\u00fcr-Schritt Anleitung&#8230;<\/a><\/strong><\/p>\n<hr \/>\n<p><img loading=\"lazy\" decoding=\"async\" class=\"alignnone wp-image-280 size-full\" title=\"gr\u00fcneUni Newsletter\" src=\"https:\/\/unigardening.de\/projekts\/tatendrang\/wp-content\/uploads\/2016\/01\/grueneUni-Newsletter_99.png\" alt=\"\" width=\"99\" height=\"69\" \/>\u00a0 Hier kannst Du den <strong>neuen<\/strong>\u00a0 <strong>Newsletter abonnieren<\/strong>&#8230;<\/p>\n<hr \/>\n<p><strong>Neu &#8211;\u00a0<\/strong> UniGardening Netzwerk facebook Gruppe beitreten:<br \/>\n<a href=\"https:\/\/www.facebook.com\/groups\/1128817480471446\" target=\"_blank\" rel=\"noopener\"><img loading=\"lazy\" decoding=\"async\" class=\" \" title=\"facebook Gruppe UniGardening-NetzWerk\" src=\"https:\/\/unigardening.de\/projekts\/tatendrang\/wp-content\/uploads\/2016\/01\/F_icon.svg2_.png\" alt=\"F_icon.svg2\" width=\"66\" height=\"66\" \/> <img loading=\"lazy\" decoding=\"async\" class=\"alignnone size-full wp-image-218\" src=\"https:\/\/unigardening.de\/projekts\/tatendrang\/wp-content\/uploads\/2016\/01\/Me_gusta_svg3.jpg\" alt=\"Me_gusta_svg3\" width=\"77\" height=\"66\" \/> facebook.com\/groups&#8230; <\/a><\/p>\n<hr \/>\n<p><img loading=\"lazy\" decoding=\"async\" class=\"alignright wp-image-26\" title=\"UniGardening FU Berlin im Botanischen Garten ~ &quot;Pflanzen was der Spaten h\u00e4lt !&quot;\" src=\"https:\/\/unigardening.de\/projekts\/tatendrang\/wp-content\/uploads\/2015\/09\/huegelbeet_930-200x300.jpg\" alt=\"FU UniGardening\" width=\"200\" height=\"300\" \/><\/p>\n<p>UniGardening* ist als Teilprojekt aus der TU-Projektwerkstatt &#8222;<strong>Permakultur &amp; Terra Preta in der Stadt &amp; auf dem Land<\/strong>&#8220; (Laufzeit SoSe2013 &#8211; WiSe2014\/15) in Kooperation mit der <strong>FU-Initiative SustainIT<em>!<\/em><\/strong> im Botanischen Garten der FU entstanden.<\/p>\n<p><strong>Aber auch au\u00dferhalb des TU-Campus k\u00f6nnen wir studentisch-g\u00e4rtnerisch aktiv werden<\/strong>:<br \/>\nUmwandlung von unproduktiven\/ langweiligen WG-Balkonen durch sog. &#8222;<em>PermaBlitze<\/em>&#8220; in &#8222;<em>essbare Studi-BalkonBiotope<\/em>&#8220; (Was ein Permablitz ist:<strong> <a href=\"http:\/\/PermaBlitzHawaii.com\/about\" target=\"_blank\" rel=\"noopener\">www.PermaBlitzHawaii.com<\/a> <\/strong>).<br \/>\nHast du auch einen Balkon f\u00fcr den wir gemeinsam eine <em>PermaBlitz-Planung<\/em> machen k\u00f6nnen, um diese im Fr\u00fchling in die Tat umzusetzen?! Dann melde dich oder komm zum w\u00f6chentlichen Treffen&#8230;<\/p>\n<p><strong><a title=\"Karte Campus Charlottenburg\" href=\"http:\/\/www.openstreetmap.org\/#map=18\/52.51217\/13.32380\" target=\"_blank\" rel=\"noopener\"><img loading=\"lazy\" decoding=\"async\" class=\"alignright wp-image-49\" title=\"OpenStreetMap in neuem Tab \u00f6ffnen ... \" src=\"https:\/\/unigardening.de\/projekts\/tatendrang\/wp-content\/uploads\/2015\/09\/osm.org-karte_ini-keller_pfeil.png\" alt=\"osm.org-karte_ini-keller_pfeil\" width=\"199\" height=\"118\" srcset=\"https:\/\/unigardening.de\/projekts\/tatendrang\/wp-content\/uploads\/2015\/09\/osm.org-karte_ini-keller_pfeil.png 464w, https:\/\/unigardening.de\/projekts\/tatendrang\/wp-content\/uploads\/2015\/09\/osm.org-karte_ini-keller_pfeil-300x177.png 300w\" sizes=\"auto, (max-width: 199px) 100vw, 199px\" \/><\/a>Kontakt<\/strong>: <strong><a href=\"https:\/\/unigardening.de\/projekts\/tatendrang\/?page_id=2\">per eMail-Formular&#8230;<\/a><\/strong><\/p>\n<p><strong>Zeit\/Ort TU UniGardening-Treffen<br \/>\nTermine der n\u00e4chsten Treffen auf Anfrage<br \/>\n<\/strong><span style=\"color: #ffffff;\"><strong>Zeit<\/strong>: Donnerstags 16-18 Uhr<\/span><br \/>\n<strong>Ort<\/strong>: im INI-Keller R\u00e4ume EB-012\/018 (EB-Geb\u00e4ude Hintereingang, dann direkt unter der Treppe die T\u00fcr rechts und dort am Ende des Flures)<br \/>\n<strong>Adr.<\/strong>: TU Berlin Erweiterungsbau, Stra\u00dfe des 17. Juni 145, 10623 Berlin<br \/>\n<strong>Karte<\/strong>: <a href=\"http:\/\/www.openstreetmap.org\/#map=18\/52.51217\/13.32380\" target=\"_blank\" rel=\"noopener\"> www.openstreetmap.org <\/a><br \/>\n<span style=\"color: #ffffff;\">\u00a0 .<\/span><br \/>\n<img loading=\"lazy\" decoding=\"async\" class=\"alignnone size-full wp-image-215\" src=\"https:\/\/unigardening.de\/projekts\/tatendrang\/wp-content\/uploads\/2016\/01\/Photo_UniGardening_Avatare-269-1.jpg\" alt=\"Photo_UniGardening_Avatare-269\" width=\"269\" height=\"187\" \/><br \/>\n<span style=\"color: #ffffff;\">.<\/span><br \/>\n<strong>Links &amp; Downloads<\/strong>: <img loading=\"lazy\" decoding=\"async\" class=\"size-medium wp-image-212 alignright\" src=\"https:\/\/unigardening.de\/projekts\/tatendrang\/wp-content\/uploads\/2016\/01\/UniGardening_logo_199.jpg\" alt=\"UniGardening_logo_199\" width=\"199\" height=\"221\" \/><\/p>\n<ul>\n<li><strong>Download<\/strong>: aktuelles Projektwerksatt Konzept <a href=\"https:\/\/unigardening.de\/projekts\/tatendrang\/wp-content\/uploads\/2016\/01\/Konzept_AA_ProjektWerkstatt_Alternative-Agriculture_Terra-Preta_Climate-Engineering-l12.2015.pdf\" rel=\"\">Alternative-Agriculture_Terra-Preta_Climate-Engineering<\/a><\/li>\n<li><strong>Link<\/strong>: <span style=\"color: #339966;\"><strong>UniGardening<\/strong><\/span>* <strong><span style=\"color: #339966;\">FU<\/span><\/strong> im Botanischen Garten ~<strong> <a href=\"http:\/\/www.fu-berlin.de\/sites\/sustain\/hst\/index.html\" target=\"_blank\" rel=\"noopener\">fu-berlin.de sustain IT<em>!<\/em> <\/a><\/strong><br \/>\n<span style=\"color: #696969; font-size: small;\">*(Der Begriff \u201eUniGardening\u201c wurde von der Nachhaltigkeitsinitiative SUSTAIN IT der Freien Universit\u00e4t Berlin 2011 gepr\u00e4gt und im Rahmen der Hochschultage Nachhaltigkeit + Klimaschutz&#8220; zum ersten Mal verwendet)<\/span><\/li>\n<li><strong>Seite<\/strong> der ehem. TU-Projektwerkstatt &#8222;Permakultur &amp; Terra Preta&#8220; ~ projekte.projektwerkstaetten.tu-berlin.de<\/li>\n<li><strong>Link<\/strong>: aktuelle HNEE-Projektwerkstatt &#8222;Terra Preta &amp; Permakultur&#8220; an der Hochschule f\u00fcr Nachhaltige Entwicklung Eberswalde ~ <a href=\"http:\/\/www.hnee.de\/de\/Studium\/Infos-zum-Studium\/Fuer-Studierende\/Projektwerkstaetten\/Projektwerkstaetten-Von-Studis-fuer-Studis-K4908.htm\" target=\"_blank\" rel=\"noopener\">www.hnee.de<\/a><\/li>\n<li><strong>Link<\/strong>: <a href=\"http:\/\/vern.de\" target=\"_blank\" rel=\"noopener\">VERN e.V.<\/a> ~ Bezugsm\u00f6glichkeit von Saatgut alter Nutz- &amp; Nahrungspflanzensorten<\/li>\n<li><strong>Link<\/strong>: <a href=\"https:\/\/anstiftung.de\/urbane-gaerten\" target=\"_blank\" rel=\"noopener\">anstiftung.de\/urbane-gaerten<\/a> ~ Portal zu Urbaner Landwirtschaft<\/li>\n<li><strong>Link<\/strong>: <a href=\"http:\/\/dachgaertenfueralle.de\/\" target=\"_blank\" rel=\"noopener\">DachG\u00e4rten f\u00fcr Alle<em>!<\/em><\/a> ~ Initiative<\/li>\n<li><strong>Link<\/strong>: <a href=\"http:\/\/www.cafe-botanico.de\" target=\"_blank\" rel=\"noopener\">cafe-botanico.de<\/a> ~ Urban Permaculture Garden Neuk\u00f6lln<\/li>\n<li><strong>Link<\/strong>: <a href=\"http:\/\/klunkerkranich.de\" target=\"_blank\" rel=\"noopener\">klunkerkranich.de<\/a> ~ KulturDachGarten Berlin Neuk\u00f6lln<\/li>\n<li><strong>Link<\/strong>: <a href=\"http:\/\/prinzessinnengarten.net\" target=\"_blank\" rel=\"noopener\">prinzessinnengarten.net<\/a> ~ Urban Garden Berlin Kreuzberg<\/li>\n<\/ul>\n<p><span style=\"color: #ffffff;\">xxx<\/span><\/p>\n","protected":false},"excerpt":{"rendered":"<p>Urbanes G\u00e4rtnern an Hochschulen Neue Webseite siehe: www.UniGardening.de\/netzwerk . . . UniGardening ~ Urbanes G\u00e4rtnern auf dem Campus Charlottenburg UniGardening hat u.a. die Anlegung von gr\u00fcnen &amp; essbaren Oasen auf dem Campus als Ziel. In einem ersten UniGardening-Schaugarten werden verschiedene UrbanGardening Konzepte und Methoden angewendet bzw. erprobt, wie z.B.: Anlegung von Hochbeeten, Vertikalbegr\u00fcnung, Mischkulturen, Kompostierung &hellip; <a href=\"https:\/\/unigardening.de\/projekts\/tatendrang\/unigardening\/\" class=\"more-link\"><span class=\"screen-reader-text\">UniGardening NetzWerk<\/span> weiterlesen <span class=\"meta-nav\">&rarr;<\/span><\/a><\/p>\n","protected":false},"author":1,"featured_media":0,"parent":0,"menu_order":0,"comment_status":"closed","ping_status":"closed","template":"","meta":{"inline_featured_image":false,"ngg_post_thumbnail":0,"footnotes":""},"class_list":["post-76","page","type-page","status-publish","hentry"],"_links":{"self":[{"href":"https:\/\/unigardening.de\/projekts\/tatendrang\/wp-json\/wp\/v2\/pages\/76","targetHints":{"allow":["GET"]}}],"collection":[{"href":"https:\/\/unigardening.de\/projekts\/tatendrang\/wp-json\/wp\/v2\/pages"}],"about":[{"href":"https:\/\/unigardening.de\/projekts\/tatendrang\/wp-json\/wp\/v2\/types\/page"}],"author":[{"embeddable":true,"href":"https:\/\/unigardening.de\/projekts\/tatendrang\/wp-json\/wp\/v2\/users\/1"}],"replies":[{"embeddable":true,"href":"https:\/\/unigardening.de\/projekts\/tatendrang\/wp-json\/wp\/v2\/comments?post=76"}],"version-history":[{"count":27,"href":"https:\/\/unigardening.de\/projekts\/tatendrang\/wp-json\/wp\/v2\/pages\/76\/revisions"}],"predecessor-version":[{"id":421,"href":"https:\/\/unigardening.de\/projekts\/tatendrang\/wp-json\/wp\/v2\/pages\/76\/revisions\/421"}],"wp:attachment":[{"href":"https:\/\/unigardening.de\/projekts\/tatendrang\/wp-json\/wp\/v2\/media?parent=76"}],"curies":[{"name":"wp","href":"https:\/\/api.w.org\/{rel}","templated":true}]}}