{"id":449,"date":"2018-10-07T22:20:25","date_gmt":"2018-10-07T22:20:25","guid":{"rendered":"https:\/\/unigardening.de\/projekts\/tatendrang\/?page_id=449"},"modified":"2018-10-16T22:33:43","modified_gmt":"2018-10-16T22:33:43","slug":"green-bamboo-bike-1000km-testfahrt","status":"publish","type":"page","link":"https:\/\/unigardening.de\/projekts\/tatendrang\/green-bamboo-bike-1000km-testfahrt\/","title":{"rendered":"Erfolgreicher 1000 km Green-Bamboo-Bike Testride"},"content":{"rendered":"<p><strong>Aktuell Okt. 2018<\/strong>:<br \/>\n<strong>Belastbarkeits-Test-Tour mit Gep\u00e4ck \u00fcber 1000 km quer durch Deutschland&#8230; <\/strong><\/p>\n<h2>Der \u00f6kologischste Fahrradrahmen der Welt?!<\/h2>\n<p><strong>Erstes wirklich \u00f6kologisches Bambus-Fahrrad ohne giftigen Epoxidharz-Kleber<\/strong>.<br \/>\n&nbsp;<br \/>\n<a title=\"erster fahrbarer Green-Bamboo-Bike Prototyp\" href=\"https:\/\/unigardening.de\/projekts\/tatendrang\/wp-content\/uploads\/2016\/01\/20151123_140251_green-bamboo-bike_ptz_1069px.jpg\" rel=\"noopener\"><img loading=\"lazy\" decoding=\"async\" class=\"alignnone wp-image-68\" title=\"Foto-Zoom erster fahrbereiter Prototyp\" src=\"https:\/\/unigardening.de\/projekts\/tatendrang\/wp-content\/uploads\/2016\/01\/20151123_140251_green-bamboo-bike_ptz_1069px-300x188.jpg\" alt=\"\" width=\"399\" height=\"250\" srcset=\"https:\/\/unigardening.de\/projekts\/tatendrang\/wp-content\/uploads\/2016\/01\/20151123_140251_green-bamboo-bike_ptz_1069px-300x188.jpg 300w, https:\/\/unigardening.de\/projekts\/tatendrang\/wp-content\/uploads\/2016\/01\/20151123_140251_green-bamboo-bike_ptz_1069px-768x481.jpg 768w, https:\/\/unigardening.de\/projekts\/tatendrang\/wp-content\/uploads\/2016\/01\/20151123_140251_green-bamboo-bike_ptz_1069px-1024x641.jpg 1024w, https:\/\/unigardening.de\/projekts\/tatendrang\/wp-content\/uploads\/2016\/01\/20151123_140251_green-bamboo-bike_ptz_1069px.jpg 1069w\" sizes=\"auto, (max-width: 399px) 100vw, 399px\" \/><\/a><br \/>\n<strong>&nbsp;<br \/>\n1000 km Testfahrt ~ 10 Etappen durch 7 Bundesl\u00e4nder<\/strong>:<br \/>\nBerlin-Gr\u00fcnau -&gt; Cottbus (Brandenburg) -&gt; Dresden (Sachsen) -&gt; Altenburg* -&gt; Erfurt (*Th\u00fcringen) -&gt; Fulda** -&gt; Darmstadt (**Hessen) -&gt; Koblenz\/Neuwied (Rheinland Pfalz) -&gt; D\u00fcsseldorf*** -&gt; M\u00fcnster*** -&gt; Steinfurt (***NRW)<\/p>\n<p>Bisher werden praktisch alle Bambusr\u00e4der mit Epoxidharz zusammengebaut .<br \/>\nWir entwickeln als studentisches Projekt an der Technischen Universit\u00e4t Berlin stattdessen NFK-Verbindungen mit thermoplastischem Bio-Kunststoff und Flachs-Gewebe (Leinen) auf Pflanzenbasis. (NFK = Naturfaserverst\u00e4rkter Kunststoff)<\/p>\n<p>Es geht u.a. um die stoffliche Nutzung nachwachsender (solarer) Rohstoffe und damit auch um das Thema Kreislauf-Bio\u00f6konomie.<\/p>\n<p><strong>Foto-Doku-Gallery 1000 km Test-Ride Okt.2018&nbsp; <\/strong>&#8230;<\/p>\nngg_shortcode_0_placeholder\n<p><span style=\"color: #ffffff;\">xxx<\/span><\/p>\n<h3><strong>Zur\u00fcck zur <a href=\"https:\/\/unigardening.de\/projekts\/tatendrang\/green-bamboo-bike\">Green-Bamboo-Bike Startseite<\/a><\/strong> &#8230;<\/h3>\n<p>Um auf Reisen \/ bei Rad-Touren coole Locals kennenzulernen und um kosteng\u00fcnstig bzw. gratis \u00fcbernachten zu k\u00f6nnen, empfehle ich sich <u>rechtzeitig<\/u> auf folgenden Plattformen mit potentiellen GastgeberInnen (Hosts) in Verbindung zu setzten:<\/p>\n<ul>\n<li><a href=\"https:\/\/www.beWelcome.org\" target=\"_blank\" rel=\"noopener\">www.beWelcome.org<\/a> ~ <a href=\"https:\/\/www.facebook.com\/bewelcome.org\" target=\"_blank\" rel=\"noopener\">@FB<\/a><\/li>\n<li><a href=\"https:\/\/www.warmShowers.org\" target=\"_blank\" rel=\"noopener\">www.warmShowers.org<\/a><\/li>\n<li><a href=\"https:\/\/www.couchSurfing.com\" target=\"_blank\" rel=\"noopener\">www.couchSurfing.com<\/a><\/li>\n<\/ul>\n<p><span style=\"color: #ffffff;\">xxx<\/span><br \/>\nThomas Finger, Berlin den 15. Oktober 2018<\/p>\n","protected":false},"excerpt":{"rendered":"<p>Aktuell Okt. 2018: Belastbarkeits-Test-Tour mit Gep\u00e4ck \u00fcber 1000 km quer durch Deutschland&#8230; Der \u00f6kologischste Fahrradrahmen der Welt?! Erstes wirklich \u00f6kologisches Bambus-Fahrrad ohne giftigen Epoxidharz-Kleber. &nbsp; &nbsp; 1000 km Testfahrt ~ 10 Etappen durch 7 Bundesl\u00e4nder: Berlin-Gr\u00fcnau -&gt; Cottbus (Brandenburg) -&gt; Dresden (Sachsen) -&gt; Altenburg* -&gt; Erfurt (*Th\u00fcringen) -&gt; Fulda** -&gt; Darmstadt (**Hessen) -&gt; Koblenz\/Neuwied (Rheinland &hellip; <a href=\"https:\/\/unigardening.de\/projekts\/tatendrang\/green-bamboo-bike-1000km-testfahrt\/\" class=\"more-link\"><span class=\"screen-reader-text\">Erfolgreicher 1000 km Green-Bamboo-Bike Testride<\/span> weiterlesen <span class=\"meta-nav\">&rarr;<\/span><\/a><\/p>\n","protected":false},"author":1,"featured_media":0,"parent":0,"menu_order":0,"comment_status":"closed","ping_status":"closed","template":"","meta":{"inline_featured_image":false,"ngg_post_thumbnail":0,"footnotes":""},"class_list":["post-449","page","type-page","status-publish","hentry"],"_links":{"self":[{"href":"https:\/\/unigardening.de\/projekts\/tatendrang\/wp-json\/wp\/v2\/pages\/449","targetHints":{"allow":["GET"]}}],"collection":[{"href":"https:\/\/unigardening.de\/projekts\/tatendrang\/wp-json\/wp\/v2\/pages"}],"about":[{"href":"https:\/\/unigardening.de\/projekts\/tatendrang\/wp-json\/wp\/v2\/types\/page"}],"author":[{"embeddable":true,"href":"https:\/\/unigardening.de\/projekts\/tatendrang\/wp-json\/wp\/v2\/users\/1"}],"replies":[{"embeddable":true,"href":"https:\/\/unigardening.de\/projekts\/tatendrang\/wp-json\/wp\/v2\/comments?post=449"}],"version-history":[{"count":16,"href":"https:\/\/unigardening.de\/projekts\/tatendrang\/wp-json\/wp\/v2\/pages\/449\/revisions"}],"predecessor-version":[{"id":583,"href":"https:\/\/unigardening.de\/projekts\/tatendrang\/wp-json\/wp\/v2\/pages\/449\/revisions\/583"}],"wp:attachment":[{"href":"https:\/\/unigardening.de\/projekts\/tatendrang\/wp-json\/wp\/v2\/media?parent=449"}],"curies":[{"name":"wp","href":"https:\/\/api.w.org\/{rel}","templated":true}]}}