{"id":35,"date":"2015-10-08T12:30:38","date_gmt":"2015-10-08T12:30:38","guid":{"rendered":"http:\/\/gruene-Uni.org\/projekte\/?page_id=35"},"modified":"2018-06-27T15:40:41","modified_gmt":"2018-06-27T15:40:41","slug":"impressum","status":"publish","type":"page","link":"https:\/\/unigardening.de\/projekts\/tatendrang\/impressum\/","title":{"rendered":"Impressum"},"content":{"rendered":"<p><img loading=\"lazy\" decoding=\"async\" class=\"wp-image-194 size-full alignright\" src=\"https:\/\/unigardening.de\/projekts\/tatendrang\/wp-content\/uploads\/2016\/02\/BNE_2010-2011_gruene-Uni.org_h199.jpg\" alt=\"\" width=\"86\" height=\"199\" \/>TU Berlin, EB 1,<br \/>\n<strong>Tatendrang~Netzwerk<\/strong> i.G. <strong>*<\/strong><br \/>\nStr. des 17. Juni 145<br \/>\n10623 Berlin<\/p>\n<p><strong>B\u00fcro im INI-Keller<\/strong>:<br \/>\nB\u00fcrozeiten auf Anfrage<br \/>\nTechnische Universit\u00e4t Berlin<br \/>\nErweiterungsbau<br \/>\nStra\u00dfe des 17. Juni 145<br \/>\n10623 Berlin<\/p>\n<p><strong>Initiator &amp; Ansprechpartner: Thomas Finger<\/strong><\/p>\n<p>&nbsp;<\/p>\n<p><iframe loading=\"lazy\" src=\"http:\/\/www.openstreetmap.org\/export\/embed.html?bbox=13.322264,52.510726,13.325477,52.51341&amp;layer=mapnik \" width=\"499\" height=\"469\" frameborder=\"1\" allowfullscreen=\"allowfullscreen\"><\/iframe><\/p>\n<p><strong>Haftungsbeschr\u00e4nkung<\/strong><br \/>\nDie Inhalte dieser Website werden mit gr\u00f6\u00dftm\u00f6glicher Sorgfalt erstellt. Der Anbieter \u00fcbernimmt jedoch keine Gew\u00e4hr f\u00fcr die Richtigkeit, Vollst\u00e4ndigkeit und Aktualit\u00e4t der bereitgestellten Inhalte. Die Nutzung der Inhalte der Website erfolgt auf eigene Gefahr des Nutzers. Namentlich gekennzeichnete Beitr\u00e4ge geben die Meinung des jeweiligen Autors und nicht immer die Meinung des Anbieters wieder. Mit der reinen Nutzung der Website des Anbieters kommt keinerlei Vertragsverh\u00e4ltnis zwischen dem Nutzer und dem Anbieter zustande.<\/p>\n<p><strong>Externe Links<\/strong><br \/>\nDiese Website enth\u00e4lt Verkn\u00fcpfungen zu Websites Dritter (&#8222;externe Links&#8220;). Diese Websites unterliegen der Haftung der jeweiligen Betreiber. Der Anbieter hat bei der erstmaligen Verkn\u00fcpfung der externen Links die fremden Inhalte daraufhin \u00fcberpr\u00fcft, ob etwaige Rechtsverst\u00f6\u00dfe bestehen. Zu dem Zeitpunkt waren keine Rechtsverst\u00f6\u00dfe ersichtlich. Der Anbieter hat keinerlei Einfluss auf die aktuelle und zuk\u00fcnftige Gestaltung und auf die Inhalte der verkn\u00fcpften Seiten. Das Setzen von externen Links bedeutet nicht, dass sich der Anbieter die hinter dem Verweis oder Link liegenden Inhalte zu eigen macht. Eine st\u00e4ndige Kontrolle der externen Links ist f\u00fcr den Anbieter ohne konkrete Hinweise auf Rechtsverst\u00f6\u00dfe nicht zumutbar. Bei Kenntnis von Rechtsverst\u00f6\u00dfen werden jedoch derartige externe Links unverz\u00fcglich gel\u00f6scht.<\/p>\n<p><strong>Urheber- und Leistungsschutzrechte<\/strong><br \/>\nDie Rechte aller auf dieser Website verwendeten Inhalte liegen, sofern nicht anders angegeben, bei der Hochschulgruppe &#8222;Tatendrang~Netzwerk&#8220; Berlin.<\/p>\n<p>Sofern ausdr\u00fccklich angegeben, stehen Bilder, Grafiken, PDF-Dokumente sowie Audio- und Videomaterial unter einer Creative Commons Namensnennung 3.0 Deutschland Lizenz. Das hei\u00dft, Sie d\u00fcrfen das Werk bzw. den Inhalt vervielf\u00e4ltigen, verbreiten und \u00f6ffentlich zug\u00e4nglich machen, Abwandlungen und Bearbeitungen des Werkes bzw. Inhaltes anfertigen und das jeweilige Werk kommerziell nutzen, wenn Sie den Namen der &#8222;Tatendrang~Netzwerk&#8220; wie folgt ausdr\u00fccklich und gut lesbar nennen.<br \/>\nBeispiele: &#8222;Bild: &#8222;Tatendrang~Netzwerk&#8220;, CC-BY 3.0&#8243;, &#8222;Video: &#8222;Tatendrang~Netzwerk&#8220;, CC-BY 3.0&#8243;.<\/p>\n<p>Bilder, Grafiken,PDF-Dokumente sowie Audio- und Videodateien der &#8222;Tatendrang~Netzwerk&#8220;, die keinen entsprechenden Hinweis auf CC-BY 3.0 besitzen und nur auf die &#8222;Tatendrang~Netzwerk&#8220; als Quelle hinweisen (Beispiele: &#8222;Bild: &#8222;Tatendrang~Netzwerk&#8220;&#8220;, &#8222;Grafik: &#8222;Tatendrang~Netzwerk&#8220;&#8220;), stehen nicht unter CC-Lizenz. Diese Bilder d\u00fcrfen bei Nennung der &#8222;Tatendrang~Netzwerk&#8220; wie folgt verwendet werden: Verbreitung in Presse und anderen Medien, sonstige nicht-kommerzielle Zwecke (Bildung, pers\u00f6nliche Information). Eine kommerzielle Nutzung ist zuvor bei der &#8222;Tatendrang~Netzwerk&#8220; anzufragen.<\/p>\n<p>Die Creative Commons-Lizenz erstreckt sich nicht auf das Logo der &#8222;Tatendrang~Netzwerk&#8220; und seine Bestandteile. F\u00fcr die Nutzung des &#8222;Tatendrang~Netzwerk&#8220;-Logos bedarf es der vorherigen schriftlichen Genehmigung durch die &#8222;Tatendrang~Netzwerk&#8220;.<\/p>\n<p>Die Darstellung dieser Website in fremden Frames ist nur mit schriftlicher Erlaubnis zul\u00e4ssig.<\/p>\n<p>Der Anbieter weist ausdr\u00fccklich darauf hin, dass die Daten\u00fcbertragung im Internet (z.B. bei der Kommunikation per E-Mail) Sicherheitsl\u00fccken aufweisen und nicht l\u00fcckenlos vor dem Zugriff durch Dritte gesch\u00fctzt werden kann.<\/p>\n<p>Die Verwendung der Kontaktdaten des Impressums zur gewerblichen Werbung ist ausdr\u00fccklich nicht erw\u00fcnscht, es sei denn der Anbieter hatte zuvor seine schriftliche Einwilligung erteilt. Der Anbieter und alle auf dieser Website genannten Personen widersprechen hiermit jeder kommerziellen Verwendung und Weitergabe ihrer Daten.<\/p>\n","protected":false},"excerpt":{"rendered":"<p>TU Berlin, EB 1, Tatendrang~Netzwerk i.G. * Str. des 17. Juni 145 10623 Berlin B\u00fcro im INI-Keller: B\u00fcrozeiten auf Anfrage Technische Universit\u00e4t Berlin Erweiterungsbau Stra\u00dfe des 17. Juni 145 10623 Berlin Initiator &amp; Ansprechpartner: Thomas Finger &nbsp; Haftungsbeschr\u00e4nkung Die Inhalte dieser Website werden mit gr\u00f6\u00dftm\u00f6glicher Sorgfalt erstellt. Der Anbieter \u00fcbernimmt jedoch keine Gew\u00e4hr f\u00fcr die &hellip; <a href=\"https:\/\/unigardening.de\/projekts\/tatendrang\/impressum\/\" class=\"more-link\"><span class=\"screen-reader-text\">Impressum<\/span> weiterlesen <span class=\"meta-nav\">&rarr;<\/span><\/a><\/p>\n","protected":false},"author":1,"featured_media":0,"parent":0,"menu_order":0,"comment_status":"closed","ping_status":"closed","template":"","meta":{"inline_featured_image":false,"ngg_post_thumbnail":0,"footnotes":""},"class_list":["post-35","page","type-page","status-publish","hentry"],"_links":{"self":[{"href":"https:\/\/unigardening.de\/projekts\/tatendrang\/wp-json\/wp\/v2\/pages\/35","targetHints":{"allow":["GET"]}}],"collection":[{"href":"https:\/\/unigardening.de\/projekts\/tatendrang\/wp-json\/wp\/v2\/pages"}],"about":[{"href":"https:\/\/unigardening.de\/projekts\/tatendrang\/wp-json\/wp\/v2\/types\/page"}],"author":[{"embeddable":true,"href":"https:\/\/unigardening.de\/projekts\/tatendrang\/wp-json\/wp\/v2\/users\/1"}],"replies":[{"embeddable":true,"href":"https:\/\/unigardening.de\/projekts\/tatendrang\/wp-json\/wp\/v2\/comments?post=35"}],"version-history":[{"count":13,"href":"https:\/\/unigardening.de\/projekts\/tatendrang\/wp-json\/wp\/v2\/pages\/35\/revisions"}],"predecessor-version":[{"id":438,"href":"https:\/\/unigardening.de\/projekts\/tatendrang\/wp-json\/wp\/v2\/pages\/35\/revisions\/438"}],"wp:attachment":[{"href":"https:\/\/unigardening.de\/projekts\/tatendrang\/wp-json\/wp\/v2\/media?parent=35"}],"curies":[{"name":"wp","href":"https:\/\/api.w.org\/{rel}","templated":true}]}}