{"id":319,"date":"2016-06-30T22:36:21","date_gmt":"2016-06-30T22:36:21","guid":{"rendered":"http:\/\/gruene-Uni.org\/projekte\/?page_id=319"},"modified":"2020-02-17T04:27:33","modified_gmt":"2020-02-17T04:27:33","slug":"3d-druck-diy-repair-cafe","status":"publish","type":"page","link":"https:\/\/unigardening.de\/projekts\/tatendrang\/3d-druck-diy-repair-cafe\/","title":{"rendered":"3D-Druck DiY Repair Caf\u00e9"},"content":{"rendered":"<p><img loading=\"lazy\" decoding=\"async\" class=\"alignnone size-medium wp-image-5874\" src=\"https:\/\/unigardening.de\/projekts\/tatendrang\/wp-content\/uploads\/2020\/02\/3d-repaircafe.de-logo_noi-69trAn_cup-223x300.png\" alt=\"\" width=\"223\" height=\"300\" srcset=\"https:\/\/unigardening.de\/projekts\/tatendrang\/wp-content\/uploads\/2020\/02\/3d-repaircafe.de-logo_noi-69trAn_cup-223x300.png 223w, https:\/\/unigardening.de\/projekts\/tatendrang\/wp-content\/uploads\/2020\/02\/3d-repaircafe.de-logo_noi-69trAn_cup.png 452w\" sizes=\"auto, (max-width: 223px) 100vw, 223px\" \/><\/p>\n<p>Makerspace, 3D Druck DiY Repair- Caf\u00e9 auf dem Campus Charlottenburg Technische Universit\u00e4t &amp; Universit\u00e4t der K\u00fcnste Berlin<\/p>\n<p>Ziel ist die schrittweise Er\u00f6ffnung eines studentischen 3D-Druck- &amp; Repair- Caf\u00e9s als Ort der Kreativit\u00e4t f\u00fcr Studierende u.a. der Design-, Kunst- &amp; Ingenieurwissenschaften auf dem Campus Charlottenburg. Dadurch soll der interdisziplin\u00e4re Austausch von Ideen und deren Verwirklichung angeregt und erm\u00f6glicht werden.<\/p>\n<p><strong>Link<\/strong>: <strong><a href=\"https:\/\/tatendrang-netzwerk.eu\/projects\/3d-repaircafe.de\" target=\"_blank\" rel=\"noopener noreferrer\">3D-repairCafe.de<\/a><\/strong><\/p>\n","protected":false},"excerpt":{"rendered":"<p>Makerspace, 3D Druck DiY Repair- Caf\u00e9 auf dem Campus Charlottenburg Technische Universit\u00e4t &amp; Universit\u00e4t der K\u00fcnste Berlin Ziel ist die schrittweise Er\u00f6ffnung eines studentischen 3D-Druck- &amp; Repair- Caf\u00e9s als Ort der Kreativit\u00e4t f\u00fcr Studierende u.a. der Design-, Kunst- &amp; Ingenieurwissenschaften auf dem Campus Charlottenburg. Dadurch soll der interdisziplin\u00e4re Austausch von Ideen und deren Verwirklichung angeregt &hellip; <a href=\"https:\/\/unigardening.de\/projekts\/tatendrang\/3d-druck-diy-repair-cafe\/\" class=\"more-link\"><span class=\"screen-reader-text\">3D-Druck DiY Repair Caf\u00e9<\/span> weiterlesen <span class=\"meta-nav\">&rarr;<\/span><\/a><\/p>\n","protected":false},"author":1,"featured_media":0,"parent":0,"menu_order":0,"comment_status":"closed","ping_status":"closed","template":"","meta":{"inline_featured_image":false,"ngg_post_thumbnail":0,"footnotes":""},"class_list":["post-319","page","type-page","status-publish","hentry"],"_links":{"self":[{"href":"https:\/\/unigardening.de\/projekts\/tatendrang\/wp-json\/wp\/v2\/pages\/319","targetHints":{"allow":["GET"]}}],"collection":[{"href":"https:\/\/unigardening.de\/projekts\/tatendrang\/wp-json\/wp\/v2\/pages"}],"about":[{"href":"https:\/\/unigardening.de\/projekts\/tatendrang\/wp-json\/wp\/v2\/types\/page"}],"author":[{"embeddable":true,"href":"https:\/\/unigardening.de\/projekts\/tatendrang\/wp-json\/wp\/v2\/users\/1"}],"replies":[{"embeddable":true,"href":"https:\/\/unigardening.de\/projekts\/tatendrang\/wp-json\/wp\/v2\/comments?post=319"}],"version-history":[{"count":5,"href":"https:\/\/unigardening.de\/projekts\/tatendrang\/wp-json\/wp\/v2\/pages\/319\/revisions"}],"predecessor-version":[{"id":5875,"href":"https:\/\/unigardening.de\/projekts\/tatendrang\/wp-json\/wp\/v2\/pages\/319\/revisions\/5875"}],"wp:attachment":[{"href":"https:\/\/unigardening.de\/projekts\/tatendrang\/wp-json\/wp\/v2\/media?parent=319"}],"curies":[{"name":"wp","href":"https:\/\/api.w.org\/{rel}","templated":true}]}}