{"id":110,"date":"2016-01-14T00:02:22","date_gmt":"2016-01-14T00:02:22","guid":{"rendered":"http:\/\/gruene-Uni.org\/projekte\/?page_id=110"},"modified":"2018-06-23T16:25:27","modified_gmt":"2018-06-23T16:25:27","slug":"presseberichte-radio-tv-web","status":"publish","type":"page","link":"https:\/\/unigardening.de\/projekts\/tatendrang\/presseberichte-radio-tv-web\/","title":{"rendered":"Presseberichte ~ Radio ~ TV ~ Web"},"content":{"rendered":"<p>Zum\u00a0&#8222;Tatendrang~Netzwerk&#8220; (<del>ehem. &#8222;g r \u00fc n e\u00a0\u00a0 U n i&#8220;<\/del>) und seinen studentischen Projekten gibt es zahlreiche Presseberichte, gro\u00df-teils auf diesen beiden Seiten gesammelt:<\/p>\n<ul>\n<li><strong><a href=\"https:\/\/unigardening.de\/projekts\/tatendrang\/green-bamboo-bike\/#Presse\"> tatendrang-netzwerk.eu #Presse<\/a><\/strong><\/li>\n<li><strong><a href=\"http:\/\/NaWaRo-Fahrrad.de\/cms\/presse\" target=\"_blank\" rel=\"noopener\">www.NaWaRo-Fahrrad.de\/cms\/presse <\/a><\/strong><\/li>\n<\/ul>\n<hr \/>\n<h3>Highlights:<\/h3>\n<p><a title=\" Die-engagierten-Hochschulen.pdf\" href=\"http:\/\/www.hrk-nexus.de\/fileadmin\/redaktion\/hrk-nexus\/07-Downloads\/07-02-Publikationen\/Die-engagierten-Hochschulen.pdf#page=34\" target=\"_blank\" rel=\"noopener\"><img decoding=\"async\" style=\"width: 210px; height: 297px;\" title=\" Download Die-engagierten-Hochschulen.pdf\" src=\"http:\/\/nawaro-fahrrad.de\/cms_Archiv\/nawaro-fahrrad.de\/cms\/sites\/default\/files\/nexus-Broschuere-engagierte_Hochschule-3_rand.jpg\" alt=\" www.hrk-nexus.de Die-engagierten-Hochschulen.pdf\" \/><br \/>\nBeitrag mit der Projektwerkstatt NaWaRo-Fahrrad ab Seite 34<\/a><\/p>\n<p><strong>Magazin der Hochschulrektorenkonferenz<\/strong><br \/>\n<strong>Ausgabe Mai 2014: Die engagierten Hochschulen <\/strong><\/p>\n<p>Wie die deutschen Hochschulen neuen gesellschaftlichen Anforderungen mit gro\u00dfem Engagement und innovativen Ans\u00e4tzen begegnen, stellt das Projekt nexus der HRK in der neuen Brosch\u00fcre, &#8222;Die engagierten Hochschulen \u2013 Forschungsstark, praxisnah und gesellschaftlich aktiv&#8220; vor.<br \/>\nDie Brosch\u00fcre stellt auf \u00fcber 80 Seiten zudem Beispiele f\u00fcr eine innovative Gestaltung der Studieneingangsphase, Ans\u00e4tze zum forschenden Lernen, bei denen die Studierenden schon in ihren ersten Semestern in Kontakt mit den Laboren an den Hochschulen kommen sowie f\u00fcr gelungenes f\u00fcr gelungenes Lernen mit Blick auf die Praxis, vor.<\/p>\n<hr \/>\n<p><a href=\"http:\/\/www.goethe.de\/ges\/umw\/prj\/kuk\/the\/kul\/de6889073.htm\" target=\"_blank\" rel=\"noopener\"><img loading=\"lazy\" decoding=\"async\" title=\"goethe.de\" src=\"http:\/\/tatendrang-netzwerk.eu\/Presse_Berlin-Bamboo-Bikes.org-Dateien\/goethe-institut.gif\" alt=\"goethe.de\" width=\"129\" height=\"69\" \/><\/a><br \/>\n<strong>Die Umweltverbesserer \u2013 Studenten und die gr\u00fcne Universit\u00e4t<\/strong> 12.2010<br \/>\n<strong>Link:<\/strong> <a title=\"http:\/\/www.goethe.de\/ins\/in\/ned\/ges\/umw\/de6889073.htm\" href=\"http:\/\/www.goethe.de\/ges\/umw\/prj\/kuk\/the\/kul\/de6889073.htm\" target=\"_blank\" rel=\"noopener\">www.goethe.de<\/a><\/p>\n<hr \/>\n","protected":false},"excerpt":{"rendered":"<p>Zum\u00a0&#8222;Tatendrang~Netzwerk&#8220; (ehem. &#8222;g r \u00fc n e\u00a0\u00a0 U n i&#8220;) und seinen studentischen Projekten gibt es zahlreiche Presseberichte, gro\u00df-teils auf diesen beiden Seiten gesammelt: tatendrang-netzwerk.eu #Presse www.NaWaRo-Fahrrad.de\/cms\/presse Highlights: Beitrag mit der Projektwerkstatt NaWaRo-Fahrrad ab Seite 34 Magazin der Hochschulrektorenkonferenz Ausgabe Mai 2014: Die engagierten Hochschulen Wie die deutschen Hochschulen neuen gesellschaftlichen Anforderungen mit gro\u00dfem Engagement &hellip; <a href=\"https:\/\/unigardening.de\/projekts\/tatendrang\/presseberichte-radio-tv-web\/\" class=\"more-link\"><span class=\"screen-reader-text\">Presseberichte ~ Radio ~ TV ~ Web<\/span> weiterlesen <span class=\"meta-nav\">&rarr;<\/span><\/a><\/p>\n","protected":false},"author":1,"featured_media":0,"parent":0,"menu_order":0,"comment_status":"closed","ping_status":"closed","template":"","meta":{"inline_featured_image":false,"ngg_post_thumbnail":0,"footnotes":""},"class_list":["post-110","page","type-page","status-publish","hentry"],"_links":{"self":[{"href":"https:\/\/unigardening.de\/projekts\/tatendrang\/wp-json\/wp\/v2\/pages\/110","targetHints":{"allow":["GET"]}}],"collection":[{"href":"https:\/\/unigardening.de\/projekts\/tatendrang\/wp-json\/wp\/v2\/pages"}],"about":[{"href":"https:\/\/unigardening.de\/projekts\/tatendrang\/wp-json\/wp\/v2\/types\/page"}],"author":[{"embeddable":true,"href":"https:\/\/unigardening.de\/projekts\/tatendrang\/wp-json\/wp\/v2\/users\/1"}],"replies":[{"embeddable":true,"href":"https:\/\/unigardening.de\/projekts\/tatendrang\/wp-json\/wp\/v2\/comments?post=110"}],"version-history":[{"count":4,"href":"https:\/\/unigardening.de\/projekts\/tatendrang\/wp-json\/wp\/v2\/pages\/110\/revisions"}],"predecessor-version":[{"id":425,"href":"https:\/\/unigardening.de\/projekts\/tatendrang\/wp-json\/wp\/v2\/pages\/110\/revisions\/425"}],"wp:attachment":[{"href":"https:\/\/unigardening.de\/projekts\/tatendrang\/wp-json\/wp\/v2\/media?parent=110"}],"curies":[{"name":"wp","href":"https:\/\/api.w.org\/{rel}","templated":true}]}}