{"id":37,"date":"2016-01-13T13:45:57","date_gmt":"2016-01-13T13:45:57","guid":{"rendered":"https:\/\/unigardening.de\/projekts\/nawaro-fahrrad\/?page_id=37"},"modified":"2020-06-30T19:03:12","modified_gmt":"2020-06-30T19:03:12","slug":"aktuell","status":"publish","type":"page","link":"https:\/\/unigardening.de\/projekts\/nawaro-fahrrad\/?page_id=37","title":{"rendered":"Aktueller Stand NaWaRo-Fahrradteile"},"content":{"rendered":"<p>Seit dem Start des NaWaRo-Fahrrad Projektes Ende 2010 sind zahlreiche innovative Fahrradteile aus Nachwachsenden Rohstoffen in der Entwicklung.<\/p>\n<h3>Bio-NFK ~ Prototyp Green-Bamboo-Bike<\/h3>\n<p><a href=\"https:\/\/unigardening.de\/projekts\/nawaro-fahrrad\/wp-content\/uploads\/2016\/01\/Green-Bamboo-Bike_No-one.jpg\" rel=\"attachment wp-att-39\"><img loading=\"lazy\" decoding=\"async\" class=\"alignright wp-image-39 size-medium\" src=\"https:\/\/unigardening.de\/projekts\/nawaro-fahrrad\/wp-content\/uploads\/2016\/01\/Green-Bamboo-Bike_No-one-300x189.jpg\" alt=\"Green-Bamboo-Bike_No-one\" width=\"300\" height=\"189\" srcset=\"https:\/\/unigardening.de\/projekts\/nawaro-fahrrad\/wp-content\/uploads\/2016\/01\/Green-Bamboo-Bike_No-one-300x189.jpg 300w, https:\/\/unigardening.de\/projekts\/nawaro-fahrrad\/wp-content\/uploads\/2016\/01\/Green-Bamboo-Bike_No-one-768x483.jpg 768w, https:\/\/unigardening.de\/projekts\/nawaro-fahrrad\/wp-content\/uploads\/2016\/01\/Green-Bamboo-Bike_No-one-1024x644.jpg 1024w, https:\/\/unigardening.de\/projekts\/nawaro-fahrrad\/wp-content\/uploads\/2016\/01\/Green-Bamboo-Bike_No-one.jpg 1699w\" sizes=\"auto, (max-width: 300px) 100vw, 300px\" \/><\/a>Als ein absolut herausragendes Ergebnis kann unsere neue Bio-NFK Verbindung (NaturFaserverst\u00e4rkter Kunststoff) gewertet werden. Als Demonstrator wurde damit das weltweit erste wirklich \u00f6kologische Bambusfahrrad ohne giftigen Epoxidharz-Kleber gebaut. Bisher werden praktisch alle kommerziellen Bambusr\u00e4der mit Epoxidharz zusammengef\u00fcgt.<br \/>\nAuch an unseren Fahrradrahmen aus Holz bzw. Bambus, sowie an anderen NaWaRo-Fahrradteilen gibt es Stellen (z.B. Tretlager = Metall-NaWaRo-Verbindung), die bisher ebenfalls mit Epoxidharz zusammengef\u00fcgt wurden. Es ging also darum eine \u00f6kologische und gesundheitsunsch\u00e4dliche Alternative zu finden.<br \/>\nUnsere L\u00f6sung des Problems ist ein thermoplastischer Bio-Kunststoff mit Flachs-Gewebe als Verst\u00e4rkungsfasern. <strong>Link<\/strong>: <a href=\"http:\/\/Tatendrang-Netzwerk.eu\/projekte\/green-bamboo-bike\" target=\"_blank\" rel=\"noopener noreferrer\">Tatendrang~Netzwerk Projekt Green-Bamboo-Bike<\/a><\/p>\n<h3>Fahrradrahmen aus regionalem Holz<\/h3>\n<p><a href=\"https:\/\/unigardening.de\/projekts\/nawaro-fahrrad\/wp-content\/uploads\/2016\/01\/nawaro-fahrrad.de_2.holz-prototyp.jpg\" rel=\"attachment wp-att-40\"><img loading=\"lazy\" decoding=\"async\" class=\"alignright size-medium wp-image-40\" src=\"https:\/\/unigardening.de\/projekts\/nawaro-fahrrad\/wp-content\/uploads\/2016\/01\/nawaro-fahrrad.de_2.holz-prototyp-300x260.jpg\" alt=\"nawaro-fahrrad.de_2.holz-prototyp\" width=\"300\" height=\"260\" srcset=\"https:\/\/unigardening.de\/projekts\/nawaro-fahrrad\/wp-content\/uploads\/2016\/01\/nawaro-fahrrad.de_2.holz-prototyp-300x260.jpg 300w, https:\/\/unigardening.de\/projekts\/nawaro-fahrrad\/wp-content\/uploads\/2016\/01\/nawaro-fahrrad.de_2.holz-prototyp-768x667.jpg 768w, https:\/\/unigardening.de\/projekts\/nawaro-fahrrad\/wp-content\/uploads\/2016\/01\/nawaro-fahrrad.de_2.holz-prototyp.jpg 947w\" sizes=\"auto, (max-width: 300px) 100vw, 300px\" \/><\/a>Der aktuelle Prototyp unseres Holzfahrrades, sowie ein Bambus-Rennrad mit einer NFK-Cutlersresin-Verbindung und weitere NaWaRo-Fahrradteile, wurde auf der diesj\u00e4hrigen Hannovermesse der \u00d6ffentlichkeit pr\u00e4sentiert.<br \/>\nDie TU Berlin stellte uns dort bereits zum vierten mal eine Ausstellungsfl\u00e4che auf dem Gemeinschaftsstand Forschungsmarkt Berlin-Brandenburg zur Verf\u00fcgung.<br \/>\nF\u00fcr den Holz-Fahrradrahmen wurde eine neuartige Rahmenlehre (Hilfskonstruktion f\u00fcr den Zusammenbau) entwickelt, die leicht an verschiedene Rahmengeometrien angepasst werden kann. Ein neuer Holzfahrrad-Prototyp wird aktuell vorbereitet.<\/p>\n<h3>NaWaRo-Fahrradteile, Bauanleitungen<\/h3>\n<p><a href=\"https:\/\/unigardening.de\/projekts\/nawaro-fahrrad\/wp-content\/uploads\/2016\/01\/holzfelge_v1.jpg\" rel=\"attachment wp-att-41\"><img loading=\"lazy\" decoding=\"async\" class=\"alignright wp-image-41 size-thumbnail\" src=\"https:\/\/unigardening.de\/projekts\/nawaro-fahrrad\/wp-content\/uploads\/2016\/01\/holzfelge_v1-150x150.jpg\" alt=\"holzfelge_v1\" width=\"150\" height=\"150\" \/><\/a>Es gibt Prototypen von 3D-Druck-Sattel, Gep\u00e4cktr\u00e4ger, Lenker, Holzfelgen, 3D-Druck-Lampengeh\u00e4use, Schutzblech und Fahrradanh\u00e4nger, die weiterhin praktisch getestet und konstruktiv optimiert werden m\u00fcssen.<br \/>\nZu allen NaWaRo-Teilen, -Verfahren und -Hilfskonstruktionen (z.B. Pressformen) werden Bauanleitungen bzw. 3D-Modelle entwickelt, die ebenfalls \u00fcberpr\u00fcft und verbessert werden.<\/p>\n<hr \/>\n<p><strong>NaWaRo-Fotos<\/strong>:<\/p>\n<div id='gallery-1' class='gallery galleryid-37 gallery-columns-3 gallery-size-thumbnail'><figure class='gallery-item'>\n\t\t\t<div class='gallery-icon portrait'>\n\t\t\t\t<a href='https:\/\/unigardening.de\/projekts\/nawaro-fahrrad\/wp-content\/uploads\/2016\/01\/nawaro-holzfelge_v2.png'><img loading=\"lazy\" decoding=\"async\" width=\"150\" height=\"150\" src=\"https:\/\/unigardening.de\/projekts\/nawaro-fahrrad\/wp-content\/uploads\/2016\/01\/nawaro-holzfelge_v2-150x150.png\" class=\"attachment-thumbnail size-thumbnail\" alt=\"\" aria-describedby=\"gallery-1-42\" \/><\/a>\n\t\t\t<\/div>\n\t\t\t\t<figcaption class='wp-caption-text gallery-caption' id='gallery-1-42'>\n\t\t\t\tNaWaRo Holzfelgen Prototyp\n\t\t\t\t<\/figcaption><\/figure><figure class='gallery-item'>\n\t\t\t<div class='gallery-icon landscape'>\n\t\t\t\t<a href='https:\/\/unigardening.de\/projekts\/nawaro-fahrrad\/wp-content\/uploads\/2016\/01\/nawaro-fahrradanhaenger_v1bau.jpg'><img loading=\"lazy\" decoding=\"async\" width=\"150\" height=\"150\" src=\"https:\/\/unigardening.de\/projekts\/nawaro-fahrrad\/wp-content\/uploads\/2016\/01\/nawaro-fahrradanhaenger_v1bau-150x150.jpg\" class=\"attachment-thumbnail size-thumbnail\" alt=\"\" aria-describedby=\"gallery-1-46\" \/><\/a>\n\t\t\t<\/div>\n\t\t\t\t<figcaption class='wp-caption-text gallery-caption' id='gallery-1-46'>\n\t\t\t\tBauphase NaWaRo-Fahrradanh\u00e4nger V1\n\t\t\t\t<\/figcaption><\/figure><figure class='gallery-item'>\n\t\t\t<div class='gallery-icon portrait'>\n\t\t\t\t<a href='https:\/\/unigardening.de\/projekts\/nawaro-fahrrad\/wp-content\/uploads\/2016\/01\/nawaro-lenker_v1.jpg'><img loading=\"lazy\" decoding=\"async\" width=\"150\" height=\"150\" src=\"https:\/\/unigardening.de\/projekts\/nawaro-fahrrad\/wp-content\/uploads\/2016\/01\/nawaro-lenker_v1-150x150.jpg\" class=\"attachment-thumbnail size-thumbnail\" alt=\"\" aria-describedby=\"gallery-1-43\" \/><\/a>\n\t\t\t<\/div>\n\t\t\t\t<figcaption class='wp-caption-text gallery-caption' id='gallery-1-43'>\n\t\t\t\tHolz Furnier Prototypen\n\t\t\t\t<\/figcaption><\/figure><figure class='gallery-item'>\n\t\t\t<div class='gallery-icon landscape'>\n\t\t\t\t<a href='https:\/\/unigardening.de\/projekts\/nawaro-fahrrad\/wp-content\/uploads\/2016\/01\/3D-Sattel.jpg'><img loading=\"lazy\" decoding=\"async\" width=\"150\" height=\"150\" src=\"https:\/\/unigardening.de\/projekts\/nawaro-fahrrad\/wp-content\/uploads\/2016\/01\/3D-Sattel-150x150.jpg\" class=\"attachment-thumbnail size-thumbnail\" alt=\"\" aria-describedby=\"gallery-1-52\" \/><\/a>\n\t\t\t<\/div>\n\t\t\t\t<figcaption class='wp-caption-text gallery-caption' id='gallery-1-52'>\n\t\t\t\t3D-Druck PLA Sattel\n\t\t\t\t<\/figcaption><\/figure><figure class='gallery-item'>\n\t\t\t<div class='gallery-icon landscape'>\n\t\t\t\t<a href='https:\/\/unigardening.de\/projekts\/nawaro-fahrrad\/wp-content\/uploads\/2016\/01\/tour-de-nawaro_No-one_2014.jpg'><img loading=\"lazy\" decoding=\"async\" width=\"150\" height=\"150\" src=\"https:\/\/unigardening.de\/projekts\/nawaro-fahrrad\/wp-content\/uploads\/2016\/01\/tour-de-nawaro_No-one_2014-150x150.jpg\" class=\"attachment-thumbnail size-thumbnail\" alt=\"\" aria-describedby=\"gallery-1-47\" \/><\/a>\n\t\t\t<\/div>\n\t\t\t\t<figcaption class='wp-caption-text gallery-caption' id='gallery-1-47'>\n\t\t\t\terste Fahrradpromotour &#8222;Tour de NaWaRo&#8220; Sommerferien 2014\n\t\t\t\t<\/figcaption><\/figure><figure class='gallery-item'>\n\t\t\t<div class='gallery-icon portrait'>\n\t\t\t\t<a href='https:\/\/unigardening.de\/projekts\/nawaro-fahrrad\/wp-content\/uploads\/2016\/01\/nawaro-lampe_v1.png'><img loading=\"lazy\" decoding=\"async\" width=\"150\" height=\"150\" src=\"https:\/\/unigardening.de\/projekts\/nawaro-fahrrad\/wp-content\/uploads\/2016\/01\/nawaro-lampe_v1-150x150.png\" class=\"attachment-thumbnail size-thumbnail\" alt=\"\" aria-describedby=\"gallery-1-44\" \/><\/a>\n\t\t\t<\/div>\n\t\t\t\t<figcaption class='wp-caption-text gallery-caption' id='gallery-1-44'>\n\t\t\t\t3D-Druck Fahrradlampen\n\t\t\t\t<\/figcaption><\/figure><figure class='gallery-item'>\n\t\t\t<div class='gallery-icon landscape'>\n\t\t\t\t<a href='https:\/\/unigardening.de\/projekts\/nawaro-fahrrad\/wp-content\/uploads\/2016\/01\/gepaecktraeger_nawaro.jpg'><img loading=\"lazy\" decoding=\"async\" width=\"150\" height=\"150\" src=\"https:\/\/unigardening.de\/projekts\/nawaro-fahrrad\/wp-content\/uploads\/2016\/01\/gepaecktraeger_nawaro-150x150.jpg\" class=\"attachment-thumbnail size-thumbnail\" alt=\"\" aria-describedby=\"gallery-1-48\" \/><\/a>\n\t\t\t<\/div>\n\t\t\t\t<figcaption class='wp-caption-text gallery-caption' id='gallery-1-48'>\n\t\t\t\tNaWaRo Gep\u00e4cktr\u00e4ger\n\t\t\t\t<\/figcaption><\/figure><figure class='gallery-item'>\n\t\t\t<div class='gallery-icon landscape'>\n\t\t\t\t<a href='https:\/\/unigardening.de\/projekts\/nawaro-fahrrad\/wp-content\/uploads\/2016\/01\/nawaro-fahrradanhaenger_v1.jpg'><img loading=\"lazy\" decoding=\"async\" width=\"150\" height=\"150\" src=\"https:\/\/unigardening.de\/projekts\/nawaro-fahrrad\/wp-content\/uploads\/2016\/01\/nawaro-fahrradanhaenger_v1-150x150.jpg\" class=\"attachment-thumbnail size-thumbnail\" alt=\"\" aria-describedby=\"gallery-1-49\" \/><\/a>\n\t\t\t<\/div>\n\t\t\t\t<figcaption class='wp-caption-text gallery-caption' id='gallery-1-49'>\n\t\t\t\tfertiger NaWaRo-Fahrradanh\u00e4nger f\u00fcr Mexican SlowFood Imbiss\n\t\t\t\t<\/figcaption><\/figure><figure class='gallery-item'>\n\t\t\t<div class='gallery-icon landscape'>\n\t\t\t\t<a href='https:\/\/unigardening.de\/projekts\/nawaro-fahrrad\/wp-content\/uploads\/2016\/01\/rahmenlehre_v1.jpg'><img loading=\"lazy\" decoding=\"async\" width=\"150\" height=\"150\" src=\"https:\/\/unigardening.de\/projekts\/nawaro-fahrrad\/wp-content\/uploads\/2016\/01\/rahmenlehre_v1-150x150.jpg\" class=\"attachment-thumbnail size-thumbnail\" alt=\"\" aria-describedby=\"gallery-1-45\" \/><\/a>\n\t\t\t<\/div>\n\t\t\t\t<figcaption class='wp-caption-text gallery-caption' id='gallery-1-45'>\n\t\t\t\tLeimen des 2. Holzfahrrad-Prototypen in der 1. Version der Rahmenlehre\n\t\t\t\t<\/figcaption><\/figure>\n\t\t<\/div>\n\n<p>Weitere Photos gibt es im <a href=\"http:\/\/tatendrang-netzwerk.eu\/projects\/cms_Archiv\/nawaro-fahrrad.de\/cms\/node\/19.html\" target=\"_blank\" rel=\"noopener noreferrer\">Archiv&#8230;<\/a><\/p>\n","protected":false},"excerpt":{"rendered":"<p>Seit dem Start des NaWaRo-Fahrrad Projektes Ende 2010 sind zahlreiche innovative Fahrradteile aus Nachwachsenden Rohstoffen in der Entwicklung. Bio-NFK ~ Prototyp Green-Bamboo-Bike Als ein absolut herausragendes Ergebnis kann unsere neue Bio-NFK Verbindung (NaturFaserverst\u00e4rkter Kunststoff) gewertet werden. Als Demonstrator wurde damit das weltweit erste wirklich \u00f6kologische Bambusfahrrad ohne giftigen Epoxidharz-Kleber gebaut. Bisher werden praktisch alle kommerziellen &hellip; <a href=\"https:\/\/unigardening.de\/projekts\/nawaro-fahrrad\/?page_id=37\" class=\"more-link\"><span class=\"screen-reader-text\">Aktueller Stand NaWaRo-Fahrradteile<\/span> weiterlesen <span class=\"meta-nav\">&rarr;<\/span><\/a><\/p>\n","protected":false},"author":1,"featured_media":0,"parent":0,"menu_order":0,"comment_status":"closed","ping_status":"closed","template":"","meta":{"footnotes":""},"class_list":["post-37","page","type-page","status-publish","hentry"],"_links":{"self":[{"href":"https:\/\/unigardening.de\/projekts\/nawaro-fahrrad\/index.php?rest_route=\/wp\/v2\/pages\/37","targetHints":{"allow":["GET"]}}],"collection":[{"href":"https:\/\/unigardening.de\/projekts\/nawaro-fahrrad\/index.php?rest_route=\/wp\/v2\/pages"}],"about":[{"href":"https:\/\/unigardening.de\/projekts\/nawaro-fahrrad\/index.php?rest_route=\/wp\/v2\/types\/page"}],"author":[{"embeddable":true,"href":"https:\/\/unigardening.de\/projekts\/nawaro-fahrrad\/index.php?rest_route=\/wp\/v2\/users\/1"}],"replies":[{"embeddable":true,"href":"https:\/\/unigardening.de\/projekts\/nawaro-fahrrad\/index.php?rest_route=%2Fwp%2Fv2%2Fcomments&post=37"}],"version-history":[{"count":9,"href":"https:\/\/unigardening.de\/projekts\/nawaro-fahrrad\/index.php?rest_route=\/wp\/v2\/pages\/37\/revisions"}],"predecessor-version":[{"id":153,"href":"https:\/\/unigardening.de\/projekts\/nawaro-fahrrad\/index.php?rest_route=\/wp\/v2\/pages\/37\/revisions\/153"}],"wp:attachment":[{"href":"https:\/\/unigardening.de\/projekts\/nawaro-fahrrad\/index.php?rest_route=%2Fwp%2Fv2%2Fmedia&parent=37"}],"curies":[{"name":"wp","href":"https:\/\/api.w.org\/{rel}","templated":true}]}}