{"id":17,"date":"2016-01-12T23:39:09","date_gmt":"2016-01-12T23:39:09","guid":{"rendered":"https:\/\/unigardening.de\/projekts\/nawaro-fahrrad\/?page_id=17"},"modified":"2018-06-23T17:22:03","modified_gmt":"2018-06-23T17:22:03","slug":"presse","status":"publish","type":"page","link":"https:\/\/unigardening.de\/projekts\/nawaro-fahrrad\/?page_id=17","title":{"rendered":"Presseberichte, Radio, TV &#038; Auszeichnungen"},"content":{"rendered":"<p><a title=\" Die-engagierten-Hochschulen.pdf\" href=\"http:\/\/www.hrk-nexus.de\/fileadmin\/redaktion\/hrk-nexus\/07-Downloads\/07-02-Publikationen\/Die-engagierten-Hochschulen.pdf#page=34\" target=\"_blank\" rel=\"noopener\"><img decoding=\"async\" style=\"width: 210px; height: 297px;\" title=\" Download Die-engagierten-Hochschulen.pdf\" src=\"http:\/\/nawaro-fahrrad.de\/cms_Archiv\/nawaro-fahrrad.de\/cms\/sites\/default\/files\/nexus-Broschuere-engagierte_Hochschule-3_rand.jpg\" alt=\" www.hrk-nexus.de Die-engagierten-Hochschulen.pdf\" \/><br \/>\nDownload: Projektwerkstatt NaWaRo-Fahrrad ab Seite 34<\/a><\/p>\n<p><strong>Magazin der Hochschulrektorenkonferenz<\/strong><\/p>\n<p><strong>Ausgabe Mai 2014: Die engagierten Hochschulen<br \/>\n<\/strong><\/p>\n<p>Wie die deutschen Hochschulen neuen gesellschaftlichen Anforderungen mit gro\u00dfem Engagement und innovativen Ans\u00e4tzen begegnen, stellt das Projekt nexus der HRK in der neuen Brosch\u00fcre, &#8222;Die engagierten Hochschulen \u2013 Forschungsstark, praxisnah und gesellschaftlich aktiv&#8220; vor.<br \/>\nDie Brosch\u00fcre stellt auf \u00fcber 80 Seiten zudem Beispiele f\u00fcr eine innovative Gestaltung der Studieneingangsphase, Ans\u00e4tze zum forschenden Lernen, bei denen die Studierenden schon in ihren ersten Semestern in Kontakt mit den Laboren an den Hochschulen kommen sowie f\u00fcr gelungenes f\u00fcr gelungenes Lernen mit Blick auf die Praxis, vor.<\/p>\n<hr \/>\n<p><strong>SWR Radio Interview<\/strong> \u201c<strong>Die Durchblicker<\/strong>\u201d<br \/>\nmit der \u00d6ko-Klebergruppe 10\/2014:<br \/>\nLink: <a href=\"http:\/\/www.swr.de\/blog\/diedurchblicker\/2014\/10\/20\/fahrraeder-aus-nachwachsenden-rohstoffen\" target=\"_blank\" rel=\"noopener\">Bambus macht mobil \u2013 Fahrr\u00e4der aus nachwachsenden Rohstoffen<\/a><\/p>\n<hr \/>\n<p><a href=\"http:\/\/www.gp-award.com\/\" target=\"_blank\" rel=\"noopener\"><img decoding=\"async\" style=\"width: 299px; height: 57px;\" title=\" www.gp-award.com\" src=\"http:\/\/nawaro-fahrrad.de\/cms_Archiv\/nawaro-fahrrad.de\/cms\/sites\/default\/files\/green_product_award_2013_2014_logo_0.png\" alt=\"www.gp-award.com\" \/><\/a><\/p>\n<p>Wir haben den 3. Platz in der Kategorie Mobilit\u00e4t gewonnen.<\/p>\n<p>Download PDF (Seite 35): <a title=\" 2014-02-GP-Award-winners-nominees.pdf\" href=\"http:\/\/www.gp-award.com\/sites\/default\/files\/2014-02-GP-Award-winners-nominees.pdf#page=35\" target=\"_blank\" rel=\"noopener\">www.gp-award.com<\/a><\/p>\n<hr \/>\n<p><a href=\"http:\/\/green.wiwo.de\/hannover-messe-funf-grune-ideen-die-uns-begeistert-haben\/\" target=\"_blank\" rel=\"noopener\"><img decoding=\"async\" style=\"width: 169px; height: 140px;\" title=\"WirtschaftsWoche\" src=\"http:\/\/nawaro-fahrrad.de\/cms_Archiv\/nawaro-fahrrad.de\/cms\/sites\/default\/files\/green.wiwo.de_0.jpg\" alt=\" hannover-messe-funf-grune-ideen-die-uns-begeistert-haben\" \/><\/a><\/p>\n<p><strong>Wirtschafts Woche<\/strong>: Hannover Messe 2013: F\u00fcnf gr\u00fcne Ideen, die uns begeistert haben<br \/>\n<a href=\"http:\/\/green.wiwo.de\/hannover-messe-funf-grune-ideen-die-uns-begeistert-haben\">http:\/\/green.wiwo.de\/hannover-messe-funf-grune-ideen-die-uns-begeistert-&#8230;<\/a><\/p>\n<hr \/>\n<p><a href=\"http:\/\/www.golem.de\/news\/nawaro-ein-fahrrad-aus-heimischem-anbau-1304-98670.html\" target=\"_blank\" rel=\"noopener\"><img decoding=\"async\" style=\"width: 169px; height: 44px;\" title=\" golem.de nawaro-ein-fahrrad-aus-heimischem-anbau \" src=\"http:\/\/nawaro-fahrrad.de\/cms_Archiv\/nawaro-fahrrad.de\/cms\/sites\/default\/files\/golem.de_logo_0.jpg\" alt=\" golem.de nawaro-ein-fahrrad-aus-heimischem-anbau \" \/><\/a><br \/>\n<strong>HMI 2013 Ein Fahrrad aus heimischem Anbau<\/strong><br \/>\n<a href=\"http:\/\/www.golem.de\/news\/nawaro-ein-fahrrad-aus-heimischem-anbau-1304-98670.html\">http:\/\/www.golem.de\/news\/nawaro-ein-fahrrad-aus-heimischem-anbau-1304-98&#8230;<\/a><\/p>\n<hr \/>\n<p><a href=\"http:\/\/blog.zeit.de\/fahrrad\/2012\/10\/25\/nachwachsende-rohstoffe\" target=\"_blank\" rel=\"noopener\"><img decoding=\"async\" style=\"width: 169px; height: 24px;\" title=\"zeit.de fahrrad blog\" src=\"http:\/\/nawaro-fahrrad.de\/cms_Archiv\/nawaro-fahrrad.de\/cms\/sites\/default\/files\/zeit_0.jpg\" alt=\"zeit.de fahrrad blog\" \/><\/a><br \/>\nVelophil Das Fahrrad-Blog<\/p>\n<p><strong>Pappe, Bambus, Holz: R\u00e4der aus nachwachsenden Rohstoffen<\/strong><br \/>\nAndrea Reidl 25. Oktober 2012<br \/>\n<a href=\"http:\/\/blog.zeit.de\/fahrrad\/2012\/10\/25\/nachwachsende-rohstoffe\">http:\/\/blog.zeit.de\/fahrrad\/2012\/10\/25\/nachwachsende-rohstoffe<\/a><\/p>\n<hr \/>\n<p><strong>KiKa &#8211; Erde an Zukunft <\/strong>Sendung 21.10.2012 ab 8:00min<br \/>\n<a href=\"http:\/\/www.kika.de\/erde-an-zukunft\/sendungen\/videos\/video3556.html\" target=\"_blank\" rel=\"noopener\">Auf die R\u00e4der fertig los \u2013 wie radeln wir in Zukunft?<\/a><\/p>\n<p><a href=\"http:\/\/www.kika.de\/erde-an-zukunft\/sendungen\/sendung66360.html\" target=\"_blank\" rel=\"noopener\"><img decoding=\"async\" style=\"width: 369px; height: 249px;\" title=\"KiKa - Erde an Zukunft 21.10.2012 Auf die R\u00e4der fertig los \u2013 wie radeln wir in Zukunft?\" src=\"http:\/\/nawaro-fahrrad.de\/cms_Archiv\/nawaro-fahrrad.de\/cms\/sites\/default\/files\/erde_an_zukunft-nawaro-fahrrad2_0.jpg\" alt=\"KiKa - Erde an Zukunft 21.10.2012 Auf die R\u00e4der fertig los \u2013 wie radeln wir in Zukunft?\" \/><\/a><\/p>\n<hr \/>\n<p><a href=\"https:\/\/www.pressestelle.tu-berlin.de\/fileadmin\/a70100710\/Fotos\/TU_intern\/2010\/April\/tui4_2010.pdf#page=6\" target=\"_blank\" rel=\"noopener\"><img loading=\"lazy\" decoding=\"async\" class=\"alignnone size-medium wp-image-21\" src=\"https:\/\/unigardening.de\/projekts\/nawaro-fahrrad\/wp-content\/uploads\/2016\/01\/tui4_2010_titel-201x300.jpg\" alt=\"tui4_2010_titel\" width=\"201\" height=\"300\" srcset=\"https:\/\/unigardening.de\/projekts\/nawaro-fahrrad\/wp-content\/uploads\/2016\/01\/tui4_2010_titel-201x300.jpg 201w, https:\/\/unigardening.de\/projekts\/nawaro-fahrrad\/wp-content\/uploads\/2016\/01\/tui4_2010_titel.jpg 607w\" sizes=\"auto, (max-width: 201px) 100vw, 201px\" \/><\/a><\/p>\n<p><strong>Zeitung der Technischen Universit\u00e4t Berlin<br \/>\nTU intern<\/strong> April 2010 Seite 6 <a href=\"https:\/\/www.pressestelle.tu-berlin.de\/menue\/tub_medien\/publikationen\/zeitungen_magazine\/hochschulzeitung_tu_intern\/2010\/tu_intern_april_2010\/highlights\" target=\"_blank\" rel=\"noopener\">:<\/a> &#8222;<strong><a title=\" www.pressestelle.tu-berlin.de \" href=\"https:\/\/www.pressestelle.tu-berlin.de\/fileadmin\/a70100710\/Fotos\/TU_intern\/2010\/April\/tui4_2010.pdf#page=6\" target=\"_blank\" rel=\"noopener\">Ein wertvoller Roh(r)stoff<\/a><\/strong>&#8220;<\/p>\n<hr \/>\n<p><strong><a href=\"http:\/\/www.berlin21.net\/vielfalt\/projekte\/projektwerkstatt-nawaro-fahrraddeatm-regionale-nachwachsende-rohstoffe-auf-raedern\" target=\"_blank\" rel=\"noopener\"><img decoding=\"async\" style=\"width: 160px; height: 79px;\" title=\" www.berlin21.ne \" src=\"http:\/\/nawaro-fahrrad.de\/cms_Archiv\/nawaro-fahrrad.de\/cms\/sites\/default\/files\/Logo-Berlin21.jpg\" alt=\" www.berlin21.ne \" \/><\/a> <\/strong><\/p>\n<p>Beitrag im Berlin21.net Buch<\/p>\n<hr \/>\n<p><a href=\"http:\/\/www.fischerverlage.de\/suche?text=futurzwei+zukunftsalmanach\" target=\"_blank\" rel=\"noopener\"><img decoding=\"async\" style=\"width: 180px; height: 276px;\" title=\"Seite 137 _ FUTURZWEI-Zukunftsalmanach 2013\" src=\"http:\/\/nawaro-fahrrad.de\/cms_Archiv\/nawaro-fahrrad.de\/cms\/sites\/default\/files\/Der_FUTURZWEI-Zukunftsalmanach_2013.jpg\" alt=\"Der FUTURZWEI-Zukunftsalmanach 2013\" \/><\/a><br \/>\nFUTURZWEI Zukunftsalmanach 2013 Seite 137<\/p>\n<p><a href=\"http:\/\/www.futurzwei.org\/#109-bamboo-bike\" target=\"_blank\" rel=\"noopener\"><img decoding=\"async\" style=\"width: 222px; height: 91px;\" title=\" futurzwei.org \" src=\"http:\/\/nawaro-fahrrad.de\/cms_Archiv\/nawaro-fahrrad.de\/cms\/sites\/default\/files\/futurzwei.org.jpg\" alt=\" futurzwei.org \" \/><br \/>\nFuturZWEI Webseite<\/a><\/p>\n<hr \/>\n<p><a href=\"http:\/\/www.knesebeck-verlag.de\/search-1\/quicksearch\/result?schnellsuche=cycle+love\" target=\"_blank\" rel=\"noopener\"><img decoding=\"async\" style=\"width: 199px; height: 269px;\" title=\" cycle-love \" src=\"http:\/\/nawaro-fahrrad.de\/cms_Archiv\/nawaro-fahrrad.de\/cms\/sites\/default\/files\/mein-fahrrad-und-ich_199a.jpg\" alt=\" knesebeck-verlag.de lifestyle-wohnen-design cycle-love \" \/><\/a><br \/>\ndas NaWaRo-Fahrrad im Buch<br \/>\n&#8222;<a title=\" Buch cycle-love \" href=\"http:\/\/www.knesebeck-verlag.de\/cycle_love\/t-1\/219\" target=\"_blank\" rel=\"noopener\">Cycle Love &#8211; 90 Fahrr\u00e4der und ihre Liebhaber<\/a>&#8220; von Simon Akstinat<\/p>\n<hr \/>\n<p><a href=\"http:\/\/www.aktiv-radfahren.de\/artikel\/rad-aus-nachwachsenen-rohstoffen\" target=\"_blank\" rel=\"noopener\"><img decoding=\"async\" style=\"width: 169px; height: 220px;\" title=\" aktiv-radfahren.de 6_2013 S.114\" src=\"http:\/\/nawaro-fahrrad.de\/cms_Archiv\/nawaro-fahrrad.de\/cms\/sites\/default\/files\/aktiv-radfahren.de_ar6.cover__0.jpg\" alt=\"Ausgabe Juni 2013 Seite 114 \" \/><\/a><br \/>\nAusgabe Juni 2013 Seite 114<br \/>\n<a href=\"http:\/\/www.aktiv-radfahren.de\/artikel\/rad-aus-nachwachsenen-rohstoffen\">www.aktiv-radfahren.de\/artikel\/rad-aus-nachwachsenen-rohstoffen<\/a><\/p>\n<hr \/>\n<p><a href=\"http:\/\/www.arbeits-umweltschutz.tu-berlin.de\/fileadmin\/abt2\/Umweltberichte\/Umweltbericht_2012.pdf\" target=\"_blank\" rel=\"noopener\"><img decoding=\"async\" style=\"width: 269px; height: 381px;\" title=\" TU-Berlin Umweltbericht_2012.pdf\" src=\"http:\/\/nawaro-fahrrad.de\/cms_Archiv\/nawaro-fahrrad.de\/cms\/sites\/default\/files\/tub-umweltbericht_2012_0.png\" alt=\" Umweltbericht_2012.pdf\" \/><br \/>\nUmweltbericht der TU Berlin 2012<\/a><\/p>\n<hr \/>\n<p><strong><a href=\"http:\/\/www.texellence.de\/fileadmin\/download\/ePaper\/teXellence_epaper_211.pdf#page=12\" target=\"_blank\" rel=\"noopener\"><img decoding=\"async\" style=\"width: 169px; height: 85px;\" title=\"www.texellence.de ePaper\" src=\"http:\/\/nawaro-fahrrad.de\/cms_Archiv\/nawaro-fahrrad.de\/cms\/sites\/default\/files\/pw_hmi_2011_texellence_0.jpg\" alt=\"www.texellence.de teXellence_epaper_211.pdf \" \/><\/a><\/strong><\/p>\n<p><strong>teXellence<\/strong> Kompetenznetz Textiler Niederrhein<\/p>\n<p><strong>ePaper<\/strong>: <a title=\"teXellence ePaper\" href=\"http:\/\/www.texellence.de\/fileadmin\/download\/ePaper\/teXellence_epaper_211.pdf#page=12\" target=\"_blank\" rel=\"noopener\">R\u00fcckblick Hannovermesse 2011<\/a><br \/>\n&#8230; Das NaWaRo-Bicycle hat ihn beispielsweise nachhaltig beeindruckt. &#8222;Die Technische Universit\u00e4t Berlin hat ein Fahrrad pr\u00e4sentiert, bei dem versucht wurde, so weit als m\u00f6glich nachwachsende Rohstoffe einzusetzen. Das Ergebnis ist ein Fahrrad mit Bambusrahmen, Holzfelgen und neuartigen Composites mit Flachsgeweben. Eine tolle Idee mit viel Potenzial.&#8220; &#8230;<\/p>\n<hr \/>\n<p><img decoding=\"async\" style=\"width: 369px; height: 569px;\" title=\"Hannoversche Allgemeine Zeitung vom 6.4.2011, Seite 12, Beitrag &quot;Fahrrad aus Bambus&quot;\" src=\"http:\/\/nawaro-fahrrad.de\/cms_Archiv\/nawaro-fahrrad.de\/cms\/sites\/default\/files\/pw_HAZ-Artikel-HMI_2011_0.jpg\" alt=\"Hannoversche Allgemeine Zeitung vom 6.4.2011, Seite 12, Beitrag &quot;Fahrrad aus Bambus&quot;\" \/><\/p>\n<p><strong>Hannoversche Allgemeine Zeitung <\/strong><br \/>\nvom 6.4.2011, S. 12, &#8222;Fahrrad aus Bambus&#8220;<\/p>\n<p><!--\n\n\n\n<hr \/>\n\n\n\nMessebeteiligung HMI 2011 <a title=\"Informationsbroschre_Berlin-Brandenburg.pdf\" href=\"http:\/\/www.tubs.de\/index.php\/download_file\/view\/125\/322\/128\" target=\"_blank\">Informationsbrosch\u00fcre_Berlin-Brandenburg.pdf<\/a>\n--><\/p>\n<hr \/>\n<p><img decoding=\"async\" style=\"width: 269px; height: 70px;\" title=\" creative.arte.tv Entschleunigung_selbst_gemacht\" src=\"http:\/\/nawaro-fahrrad.de\/cms_Archiv\/nawaro-fahrrad.de\/cms\/sites\/default\/files\/arte_creative_1.jpg\" alt=\"\" \/><br \/>\nProblemZonenGymnastik #5 MOBILIT\u00c4T: Entschleunigung selbst gemacht!<\/p>\n<p><img loading=\"lazy\" decoding=\"async\" class=\"alignnone\" style=\"width: 348px; height: 195px;\" title=\" Video nicht mehr aktiv _ creative.arte.tv Friedrich_von_Borries__ProblemZonenGymnastik PZG__5_MOBILITaT__Entschleunigung_selbst_gemacht_ \" src=\"http:\/\/nawaro-fahrrad.de\/cms_Archiv\/nawaro-fahrrad.de\/cms\/sites\/default\/files\/arte_creative_3a.jpg\" alt=\" creative.arte.tv Friedrich_von_Borries__ProblemZonenGymnastik PZG__5_MOBILITaT__Entschleunigung_selbst_gemacht_\" width=\"348\" height=\"195\" \/><\/p>\n<hr \/>\n<p><a title=\"F.A.Z. Frankfurter Allgemeine Zeitung \/ Feuilleton 23.10.2013, S. 25 _ Ein gutes Rad f\u00fcr 50 Euro _ Fahrr\u00e4der gibt es auch aus Holz, Bambus oder Pappe _ Das gr\u00f6\u00dfte Hindernis auf dem Weg zu einer nachhaltigen Mobilit\u00e4t ist die Gewohnheit, auch die der Gedanken. Bei dem Begriff Fahrrad denken wir ... ... die der Gedanken. Bei dem Begriff Fahrrad denken wir spontan an die schweren, ... ... aus Metall sein. Die Werkstatt 'NaWaRo-Fahrrad' stellt ein Fahrrad her, das zu ... ... vollst\u00e4ndig aus recycelter Pappe her. Das Fahrrad kann trotz seines geringen Gewichts von ... \" href=\"https:\/\/www.genios.de\/dosearch?explicitSearch=true&amp;ZG_PORTAL=PRESSESEARCH&amp;dbShortcut=faz&amp;q=nawaro+fahrrad&amp;x=23&amp;y=5\" target=\"_blank\" rel=\"noopener\"> <img decoding=\"async\" style=\"width: 181px; height: 24px;\" src=\"http:\/\/nawaro-fahrrad.de\/cms_Archiv\/nawaro-fahrrad.de\/cms\/sites\/default\/files\/FAZ_schwarz.gif\" alt=\"\" \/> Frankfurter Allgemeine Zeitung, 23.10.2013, S. 25<\/a><\/p>\n<hr \/>\n<p><strong><a href=\"http:\/\/www.berliner-helden.com\/helden\/2011\/2011-8\/mit-rad-und-tat-ein-echter-held\" target=\"_blank\" rel=\"noopener\"><img decoding=\"async\" style=\"width: 169px; height: 194px;\" title=\" www.berliner-helden.com \" src=\"http:\/\/nawaro-fahrrad.de\/cms_Archiv\/nawaro-fahrrad.de\/cms\/sites\/default\/files\/Berliner_Helden_669_0.jpg\" alt=\" www.berliner-helden.com\" \/><\/a><\/strong><\/p>\n<p><strong>BZ Berliner Helden<\/strong> 23.8.2011 <a title=\"www.berliner-helden.com\" href=\"http:\/\/www.berliner-helden.com\/helden\/2011\/2011-8\/mit-rad-und-tat-ein-echter-held\/\" target=\"_blank\" rel=\"noopener\">&#8222;Mit Rad und Tat&#8230;&#8220;<\/a><\/p>\n<hr \/>\n<p><strong><img decoding=\"async\" style=\"width: 169px; height: 33px;\" title=\" www.radioeins.de weltverbesserung \" src=\"http:\/\/nawaro-fahrrad.de\/cms_Archiv\/nawaro-fahrrad.de\/cms\/sites\/default\/files\/radio-eins-rbb_0.png\" alt=\"radio eins RBB\" \/><\/strong><\/p>\n<p><strong>Radio Eins RBB <\/strong>19.10.2011, 16:40 Uhr<br \/>\nWeltverbesserungsidee der Woche<\/p>\n<hr \/>\n<p><strong><img decoding=\"async\" style=\"width: 169px; height: 72px;\" title=\" www.ft-arena.de \" src=\"http:\/\/nawaro-fahrrad.de\/cms_Archiv\/nawaro-fahrrad.de\/cms\/sites\/default\/files\/ft_arena_logo.png\" alt=\" www.ft-arena.de\" \/><\/strong><\/p>\n<p><img decoding=\"async\" style=\"width: 169px; height: 70px;\" title=\" www.ft-rlp.de 15-05-nawaro.mp3\" src=\"http:\/\/nawaro-fahrrad.de\/cms_Archiv\/nawaro-fahrrad.de\/cms\/sites\/default\/files\/pw_ft-hmi-2011.png\" alt=\"F &amp; T - Arena\" \/><\/p>\n<p><strong>Forschung &amp; Technologie Forum<\/strong> Hannovermesse 2011<\/p>\n<p><strong>Forschungsmarkt Berlin-Brandenburg<\/strong><br \/>\nGemeinschaftsstand der Hauptstadtregion<\/p>\n<hr \/>\n<p><a href=\"http:\/\/tatendrang-netzwerk.eu\/projekte\/green-bamboo-bike\/#Presse\" target=\"_blank\" rel=\"noopener\"><img loading=\"lazy\" decoding=\"async\" class=\"alignnone\" title=\" tatendrang-netzwerk.eu green-bamboo-bike #Presse\" src=\"http:\/\/tatendrang-netzwerk.eu\/projekte\/wp-content\/uploads\/2016\/01\/Green-Bamboo-Bike_grueneUni.org_logo469.png\" alt=\" tatendrang-netzwerk.eu _ projekte _ green-bamoo-bike Presse \" width=\"469\" height=\"469\" \/><\/a><\/p>\n<p><strong>Weitere Pressemeldungen finden sich auch zum<br \/>\nSchwesterprojekt Green-Bamboo-Bike<br \/>\n<\/strong><\/p>\n<p><strong>Link<\/strong>: <a title=\" berlin-bamboo-bikes.org\/ride\/Presse\" href=\"http:\/\/tatendrang-netzwerk.eu\/projekte\/green-bamboo-bike\/#Presse\" target=\"_blank\" rel=\"noopener\"> tatendrang-netzwerk.eu ~ Green-Bamoo-Bike<\/a><\/p>\n<hr \/>\n<p><img decoding=\"async\" style=\"width: 369px; height: 543px;\" src=\"http:\/\/nawaro-fahrrad.de\/cms_Archiv\/nawaro-fahrrad.de\/cms\/sites\/default\/files\/PW-3D-Logo_2011-11-15_18.10.04_0.jpg\" alt=\"\" \/><br \/>\nNaWaRo-Fahrrad Logo als 3D-Modell<\/p>\n<hr \/>\n<p><!--\n<a href=\"http:\/\/www.berlin-bamboo-bikes.org\/ride\/Presse\" target=\"_blank\"><img decoding=\"async\" style=\"width: 169px; height: 104px;\" title=\" berlin-bamboo-bikes.org Presse\" src=\"http:\/\/nawaro-fahrrad.de\/cms_Archiv\/nawaro-fahrrad.de\/cms\/sites\/default\/files\/BBBikes_garland_logo.png\" alt=\" berlin-bamboo-bikes.org Presse\" \/><\/a>\n\n<strong>Weitere Pressemeldungen finden sich auch zum Schwesterprojekt<\/strong>\n\n<strong>Link<\/strong>: <a title=\" berlin-bamboo-bikes.org\/ride\/Presse\" href=\"http:\/\/www.berlin-bamboo-bikes.org\/ride\/Presse\" target=\"_blank\">Berlin-Bamboo-Bikes.org<\/a> --><\/p>\n","protected":false},"excerpt":{"rendered":"<p>Download: Projektwerkstatt NaWaRo-Fahrrad ab Seite 34 Magazin der Hochschulrektorenkonferenz Ausgabe Mai 2014: Die engagierten Hochschulen Wie die deutschen Hochschulen neuen gesellschaftlichen Anforderungen mit gro\u00dfem Engagement und innovativen Ans\u00e4tzen begegnen, stellt das Projekt nexus der HRK in der neuen Brosch\u00fcre, &#8222;Die engagierten Hochschulen \u2013 Forschungsstark, praxisnah und gesellschaftlich aktiv&#8220; vor. Die Brosch\u00fcre stellt auf \u00fcber 80 &hellip; <a href=\"https:\/\/unigardening.de\/projekts\/nawaro-fahrrad\/?page_id=17\" class=\"more-link\"><span class=\"screen-reader-text\">Presseberichte, Radio, TV &#038; Auszeichnungen<\/span> weiterlesen <span class=\"meta-nav\">&rarr;<\/span><\/a><\/p>\n","protected":false},"author":1,"featured_media":0,"parent":0,"menu_order":0,"comment_status":"closed","ping_status":"closed","template":"","meta":{"footnotes":""},"class_list":["post-17","page","type-page","status-publish","hentry"],"_links":{"self":[{"href":"https:\/\/unigardening.de\/projekts\/nawaro-fahrrad\/index.php?rest_route=\/wp\/v2\/pages\/17","targetHints":{"allow":["GET"]}}],"collection":[{"href":"https:\/\/unigardening.de\/projekts\/nawaro-fahrrad\/index.php?rest_route=\/wp\/v2\/pages"}],"about":[{"href":"https:\/\/unigardening.de\/projekts\/nawaro-fahrrad\/index.php?rest_route=\/wp\/v2\/types\/page"}],"author":[{"embeddable":true,"href":"https:\/\/unigardening.de\/projekts\/nawaro-fahrrad\/index.php?rest_route=\/wp\/v2\/users\/1"}],"replies":[{"embeddable":true,"href":"https:\/\/unigardening.de\/projekts\/nawaro-fahrrad\/index.php?rest_route=%2Fwp%2Fv2%2Fcomments&post=17"}],"version-history":[{"count":9,"href":"https:\/\/unigardening.de\/projekts\/nawaro-fahrrad\/index.php?rest_route=\/wp\/v2\/pages\/17\/revisions"}],"predecessor-version":[{"id":143,"href":"https:\/\/unigardening.de\/projekts\/nawaro-fahrrad\/index.php?rest_route=\/wp\/v2\/pages\/17\/revisions\/143"}],"wp:attachment":[{"href":"https:\/\/unigardening.de\/projekts\/nawaro-fahrrad\/index.php?rest_route=%2Fwp%2Fv2%2Fmedia&parent=17"}],"curies":[{"name":"wp","href":"https:\/\/api.w.org\/{rel}","templated":true}]}}