{"id":41,"date":"2016-09-24T10:32:58","date_gmt":"2016-09-24T10:32:58","guid":{"rendered":"https:\/\/unigardening.de\/netzwerk\/?page_id=41"},"modified":"2016-10-15T10:41:28","modified_gmt":"2016-10-15T10:41:28","slug":"veranstaltungen","status":"publish","type":"page","link":"https:\/\/unigardening.de\/netzwerk\/veranstaltungen\/","title":{"rendered":"Einladung Sa. 29.10.: erstes UniGardening~NetzWerk Treffen an der TU Berlin"},"content":{"rendered":"<p><strong>Sehr geehrte Damen und Herren, <\/strong><br \/>\n<strong>liebe Studierende,<\/strong><\/p>\n<p><img loading=\"lazy\" decoding=\"async\" class=\"alignright size-medium\" src=\"http:\/\/gruene-uni.org\/projekte\/wp-content\/uploads\/2016\/01\/UniGardening-NetzWerk_UGNW_Logo-1.jpg\" alt=\"\" width=\"199\" height=\"86\" \/>hiermit m\u00f6chten wir Sie zum ersten UniGardening~NetzWerk Treffen einladen, welches am <strong>Samstag den 29.10.2016 von 13:00 bis 18:00 Uhr<\/strong> an der TU Berlin stattfinden wird.<\/p>\n<p><strong>Ziele der Veranstaltung<\/strong>:<\/p>\n<ol>\n<li>Vernetzung &amp; Austausch von engagierten Studierenden, ProfessorInnen, HochschulmitarbeiterInnen &amp; externen Urban Gardening Aktiven\/ NGOs<\/li>\n<li>Bildung von dezentralen Arbeitsgruppen zu &#8222;Urbanem G\u00e4rtnern an Hochschulen&#8220;<\/li>\n<\/ol>\n<p>Vor dem Hintergrund der \u00f6kologischen und sozialen Problemen unserer Gesellschaft ist es unser Anliegen eine alternative, nachhaltige Nutzung des \u00f6ffentlichen Raumes aufzuzeigen.<br \/>\nHierf\u00fcr sollen G\u00e4rten auf verschiedenen Fl\u00e4chen, wenn m\u00f6glich, auch in Form von Dachg\u00e4rten und Fassadenbegr\u00fcnung, an Hochschulen angelegt werden, die au\u00dfer ihrer \u00f6kologischen Komponente (Anbau von regionalem Obst, Gem\u00fcse und Nutzpflanzen, Verbesserung der Luft, etc.) auch auf Grund ihrer sozial integrativen Komponente (Treffpunkt f\u00fcr Menschen verschiedener Herkunft bzw. sozialer Schicht) von gro\u00dfer Bedeutung f\u00fcr eine positive Entwicklung unserer Gesellschaft sind.<br \/>\nBei UniGardening geht es auch um die Kooperation und den interdisziplin\u00e4ren Austausch von Fachgebieten und hochschulexternen Initiativen ~ so kann neue Lehre und Forschung zu Urban Gardening entstehen. <img loading=\"lazy\" decoding=\"async\" class=\"alignright size-medium\" src=\"http:\/\/gruene-uni.org\/projekte\/wp-content\/uploads\/2016\/02\/UniGardening_people3ab.jpg\" alt=\"\" width=\"162\" height=\"232\" \/>Das UniGardening~Netzwerk will Urban Gardening und Urban Farming an alle Hochschulen bringen!<\/p>\n<p><strong>Programm<\/strong>:<\/p>\n<ul>\n<li>13:00 &#8211; 13:30 Ankommen<\/li>\n<li>13:30 &#8211; 14:30 Begr\u00fc\u00dfung &amp; Impulsinputs zum UniGardening~NetzWerk &amp; Urban Gardening allgemein<\/li>\n<li>14:30 &#8211; 16:00 World-Caf\u00e9* Teil 1 ~ Im Rahmen des World-Caf\u00e9s k\u00f6nnen sich die TeilnehmerInnen kennenlernen, austauschen und gemeinsam weitere Ideen und Konzepte f\u00fcr Urban Gardening an Hochschulen entwickeln. Ziel ist auch die Bildung von Arbeitsgruppen zu verschiedenen Fragestellungen<\/li>\n<li>16:00 &#8211; 16:30 Kaffee &amp; Kuchen Pause<\/li>\n<li>16:30 &#8211; 17:30 World-Caf\u00e9* Teil 2<\/li>\n<li>17:30 &#8211; 18:00 Ergebnispr\u00e4sentation, weiteres Vorgehen bez\u00fcglich der neu gebildeten Arbeitsgruppen<\/li>\n<li>18:00 &#8211; Ende der Veranstaltung ~ sp\u00e4ter nach Interesse Abendprogramm (z.B. Kneipe) ~ Sonntagnachmittag bei Bedarf eine gemeinsame Exkursion zu einem Urban Gardening Projekt in Berlin<\/li>\n<\/ul>\n<p>*) Bei einem World-Caf\u00e9 handelt es sich um eine Workshop Methode, bei der es verschiedene moderierte Thementische gibt. Die TeilnehmerInnen wechseln nach einer gewissen Zeit mehrmals den Tisch und k\u00f6nnen sich so zu verschiedenen Fragestellungen austauschen und weitere TeilnehmerInnen kennenlernen. <img loading=\"lazy\" decoding=\"async\" class=\"alignright size-medium\" src=\"http:\/\/gruene-uni.org\/projekte\/wp-content\/uploads\/2016\/01\/gartencoop-1.jpg\" alt=\"\" width=\"199\" height=\"169\" \/><\/p>\n<p><strong>Aktuelle Vorschl\u00e4ge f\u00fcr UniGardening~Thementische<\/strong>:<\/p>\n<ol>\n<li>Weiterentwicklung des UniGardening~NetzWerks (Infrastruktur, Vernetzung)<\/li>\n<li>Weiterentwicklung des UniGardening~NetzWerks (Sammlung\/ Austausch zu spezifischen Inhalten\/ Methoden\/ z.B. Mischkulturen, Pflanzkonstruktionen, Bew\u00e4sserung, Imkern, Terra Preta etc.)<\/li>\n<li>Dachg\u00e4rten, Fassadenbegr\u00fcnung, Balkon-Biotope<\/li>\n<li>Entwurf eines UniGardening~NetzWerk Manifests (Ziele, Was ist UniGardening, was nicht?!)<\/li>\n<li>Vorhandene bzw. mehr Lehre &amp; Forschung zu Urban &amp; Alternative Agriculture an Unis<\/li>\n<li>Zusammenarbeit Hochschule &amp; Gesellschaft (Urban Gardening in der Stadt, NGOs)<\/li>\n<li>UniGardening auf dem Campus Charlottenburg (TU Berlin, UdK, Bezirk, Studentenwerk)<\/li>\n<li>Eigene UniGardening~Initiative starten\/ Urban Gardening an weiteren Berliner\/ Brandenburger Hochschulen<\/li>\n<li>UniGardening~Initiative starten\/ UniGardening an andere Hochschulen bringen<\/li>\n<li>F\u00f6rderung\/ Finanzierung\/ Crowdfunding von Urban Gardening Initiativen an Hochschulen<\/li>\n<li>UniGardening~NetzWerk &amp; (Hochschul-)Politik in Stadt\/Land, Bund etc.<\/li>\n<li>weitere Ideen\/ Vorschl\u00e4ge f\u00fcr Thementische &#8230; ?!<\/li>\n<\/ol>\n<p><strong>Anmeldung<\/strong>:<br \/>\nDie Anmeldung erfolgt \u00fcber das Anmeldeformular auf dieser Webseite.<br \/>\nDie Teilnehmerzahl ist auf 80 begrenzt, der<strong> Anmeldeschluss<\/strong> wurde bis zum <strong>26.10.2016<\/strong> verl\u00e4ngert.<br \/>\nTeilnahmegeb\u00fchren gibt es keine, wir freuen uns aber \u00fcber eine Spende f\u00fcr Getr\u00e4nke, Kaffee &amp; Kuchen. Der Ort\/ Raum der Veranstaltung an der TU Berlin und weitere Details werden dann per eMail mitgeteilt.<\/p>\n<h4><strong>&gt;&gt;&gt; Link zum<\/strong><strong> <a href=\"https:\/\/unigardening.de\/netzwerk\/anmeldung\">Anmeldeformular . . .<\/a><\/strong><\/h4>\n<p><em>Wir freuen uns auf Ihre Teilnahme!<br \/>\n<\/em><\/p>\n<p><em><strong>Mit besten Gr\u00fc\u00dfen<\/strong><\/em><br \/>\n<em><strong> das studentische<\/strong><\/em><br \/>\n<em><strong> UniGardening~NetzWerk Team<br \/>\n<\/strong><\/em><\/p>\n<p>~~~ <em><strong>Bitte weitersagen!<\/strong><\/em> ~~~ <img loading=\"lazy\" decoding=\"async\" class=\"alignright\" src=\"http:\/\/gruene-uni.org\/projekte\/wp-content\/uploads\/2016\/01\/Anlage-1-zur-Mail-an-Preistraeger_269.jpg\" width=\"135\" height=\"149\" \/><\/p>\n<p>Das UniGardening~NetzWerk wurde im yooweedoo.org Ideenwettbewerb 2016 ausgezeichnet ~ unterst\u00fctzt durch den Stifterverband f\u00fcr die Deutsche Wissenschaft.<\/p>\n","protected":false},"excerpt":{"rendered":"<p>Sehr geehrte Damen und Herren, liebe Studierende, hiermit m\u00f6chten wir Sie zum ersten UniGardening~NetzWerk Treffen einladen, welches am Samstag den 29.10.2016 von 13:00 bis 18:00 Uhr an der TU Berlin stattfinden wird. Ziele der Veranstaltung: Vernetzung &amp; Austausch von engagierten Studierenden, ProfessorInnen, HochschulmitarbeiterInnen &amp; externen Urban Gardening Aktiven\/ NGOs Bildung von dezentralen Arbeitsgruppen zu &#8222;Urbanem &hellip; <a href=\"https:\/\/unigardening.de\/netzwerk\/veranstaltungen\/\" class=\"more-link\"><span class=\"screen-reader-text\">Einladung Sa. 29.10.: erstes UniGardening~NetzWerk Treffen an der TU Berlin<\/span> weiterlesen <span class=\"meta-nav\">&rarr;<\/span><\/a><\/p>\n","protected":false},"author":1,"featured_media":0,"parent":0,"menu_order":0,"comment_status":"closed","ping_status":"closed","template":"","meta":{"ngg_post_thumbnail":0,"footnotes":""},"class_list":["post-41","page","type-page","status-publish","hentry"],"_links":{"self":[{"href":"https:\/\/unigardening.de\/netzwerk\/wp-json\/wp\/v2\/pages\/41","targetHints":{"allow":["GET"]}}],"collection":[{"href":"https:\/\/unigardening.de\/netzwerk\/wp-json\/wp\/v2\/pages"}],"about":[{"href":"https:\/\/unigardening.de\/netzwerk\/wp-json\/wp\/v2\/types\/page"}],"author":[{"embeddable":true,"href":"https:\/\/unigardening.de\/netzwerk\/wp-json\/wp\/v2\/users\/1"}],"replies":[{"embeddable":true,"href":"https:\/\/unigardening.de\/netzwerk\/wp-json\/wp\/v2\/comments?post=41"}],"version-history":[{"count":6,"href":"https:\/\/unigardening.de\/netzwerk\/wp-json\/wp\/v2\/pages\/41\/revisions"}],"predecessor-version":[{"id":75,"href":"https:\/\/unigardening.de\/netzwerk\/wp-json\/wp\/v2\/pages\/41\/revisions\/75"}],"wp:attachment":[{"href":"https:\/\/unigardening.de\/netzwerk\/wp-json\/wp\/v2\/media?parent=41"}],"curies":[{"name":"wp","href":"https:\/\/api.w.org\/{rel}","templated":true}]}}