{"id":33,"date":"2016-09-24T10:57:16","date_gmt":"2016-09-24T10:57:16","guid":{"rendered":"https:\/\/unigardening.de\/netzwerk\/?page_id=33"},"modified":"2018-11-09T11:53:30","modified_gmt":"2018-11-09T11:53:30","slug":"tu-projektwerkstatt","status":"publish","type":"page","link":"https:\/\/unigardening.de\/netzwerk\/tu-projektwerkstatt\/","title":{"rendered":"UniGardening TU Berlin Projektwerkstatt"},"content":{"rendered":"<p><img loading=\"lazy\" decoding=\"async\" class=\"alignnone size-large\" src=\"http:\/\/tatendrang-netzwerk.eu\/projekte\/wp-content\/uploads\/2018\/06\/Logo_UniGardening.de_CampusGaerten-Charlottenburg_noi399_2018-6.png\" width=\"399\" height=\"399\"><br \/>\n<strong>Studentische Projektwerkstatt<br \/>\nLaufzeit WiSe 2016\/17 bis SommerSemester 2018<br \/>\n<\/strong><\/p>\n<h3><strong>Ziele der Projektwerkstatt<br \/>\n&#8222;UniGardening ~ Urbanes G\u00e4rtnern an Berliner Hochschulen&#8220;<\/strong><\/h3>\n<p>Unsere inhaltliche Zielstellung ist es grundlegende Kenntnisse der urbanen Landwirtschaft zu erarbeiten und auf Uni-Fl\u00e4chen praktisch zu erproben.<\/p>\n<p>Die Erkenntnisse unserer Arbeit sollen u.a. in der Entwicklung eines Moduls mit dem Titel \u201eTheorie und Praxis der Urbanen Landwirtschaft\u201c m\u00fcnden, welches die Praktizierung und Erforschung urbaner landwirtschaftlicher Methoden langfristig im Lehrangebot der TU Berlin etablieren soll.<\/p>\n<h2>TU Hochbeete &amp; Kr\u00e4uterspirale Campus Charlottenburg Nord<\/h2>\n<p>Aufgebaut im SoSe 2017&#8230;<br \/>\n<a href=\"https:\/\/unigardening.de\/netzwerk\/wp-content\/uploads\/2018\/11\/TU-Berlin_CampusGaerten-Charlottenburg_20180607_173721kl.jpg\"><img loading=\"lazy\" decoding=\"async\" class=\"alignnone size-large wp-image-1416\" src=\"https:\/\/unigardening.de\/netzwerk\/wp-content\/uploads\/2018\/11\/TU-Berlin_CampusGaerten-Charlottenburg_20180607_173721kl-1024x717.jpg\" alt=\"\" width=\"604\" height=\"423\" srcset=\"https:\/\/unigardening.de\/netzwerk\/wp-content\/uploads\/2018\/11\/TU-Berlin_CampusGaerten-Charlottenburg_20180607_173721kl-1024x717.jpg 1024w, https:\/\/unigardening.de\/netzwerk\/wp-content\/uploads\/2018\/11\/TU-Berlin_CampusGaerten-Charlottenburg_20180607_173721kl-300x210.jpg 300w, https:\/\/unigardening.de\/netzwerk\/wp-content\/uploads\/2018\/11\/TU-Berlin_CampusGaerten-Charlottenburg_20180607_173721kl-768x537.jpg 768w, https:\/\/unigardening.de\/netzwerk\/wp-content\/uploads\/2018\/11\/TU-Berlin_CampusGaerten-Charlottenburg_20180607_173721kl.jpg 1099w\" sizes=\"auto, (max-width: 604px) 100vw, 604px\" \/><\/a><br \/>\n<a href=\"https:\/\/unigardening.de\/netzwerk\/wp-content\/uploads\/2017\/12\/20170718_201537_UniGardening_TUBerlin.jpg\"><img loading=\"lazy\" decoding=\"async\" class=\"alignnone wp-image-553 size-medium\" src=\"https:\/\/unigardening.de\/netzwerk\/wp-content\/uploads\/2017\/12\/20170718_201537_UniGardening_TUBerlin-300x224.jpg\" alt=\"\" width=\"300\" height=\"224\" srcset=\"https:\/\/unigardening.de\/netzwerk\/wp-content\/uploads\/2017\/12\/20170718_201537_UniGardening_TUBerlin-300x224.jpg 300w, https:\/\/unigardening.de\/netzwerk\/wp-content\/uploads\/2017\/12\/20170718_201537_UniGardening_TUBerlin-768x574.jpg 768w, https:\/\/unigardening.de\/netzwerk\/wp-content\/uploads\/2017\/12\/20170718_201537_UniGardening_TUBerlin-1024x765.jpg 1024w, https:\/\/unigardening.de\/netzwerk\/wp-content\/uploads\/2017\/12\/20170718_201537_UniGardening_TUBerlin.jpg 1699w\" sizes=\"auto, (max-width: 300px) 100vw, 300px\" \/><\/a> <a href=\"https:\/\/unigardening.de\/netzwerk\/wp-content\/uploads\/2017\/12\/20170721_144718_UniGardening_TU-Berlin_Campus-Nord.jpg\"><img loading=\"lazy\" decoding=\"async\" class=\"alignnone wp-image-552 size-medium\" src=\"https:\/\/unigardening.de\/netzwerk\/wp-content\/uploads\/2017\/12\/20170721_144718_UniGardening_TU-Berlin_Campus-Nord-300x224.jpg\" alt=\"\" width=\"300\" height=\"224\" srcset=\"https:\/\/unigardening.de\/netzwerk\/wp-content\/uploads\/2017\/12\/20170721_144718_UniGardening_TU-Berlin_Campus-Nord-300x224.jpg 300w, https:\/\/unigardening.de\/netzwerk\/wp-content\/uploads\/2017\/12\/20170721_144718_UniGardening_TU-Berlin_Campus-Nord-768x574.jpg 768w, https:\/\/unigardening.de\/netzwerk\/wp-content\/uploads\/2017\/12\/20170721_144718_UniGardening_TU-Berlin_Campus-Nord-1024x765.jpg 1024w, https:\/\/unigardening.de\/netzwerk\/wp-content\/uploads\/2017\/12\/20170721_144718_UniGardening_TU-Berlin_Campus-Nord.jpg 1699w\" sizes=\"auto, (max-width: 300px) 100vw, 300px\" \/><\/a><br \/>\n<a href=\"https:\/\/unigardening.de\/netzwerk\/wp-content\/uploads\/2017\/12\/20170721_144807_TU-Flaeche_FachGebiet.jpg\"><img loading=\"lazy\" decoding=\"async\" class=\"alignnone wp-image-550 size-medium\" src=\"https:\/\/unigardening.de\/netzwerk\/wp-content\/uploads\/2017\/12\/20170721_144807_TU-Flaeche_FachGebiet-300x231.jpg\" alt=\"\" width=\"300\" height=\"231\" srcset=\"https:\/\/unigardening.de\/netzwerk\/wp-content\/uploads\/2017\/12\/20170721_144807_TU-Flaeche_FachGebiet-300x231.jpg 300w, https:\/\/unigardening.de\/netzwerk\/wp-content\/uploads\/2017\/12\/20170721_144807_TU-Flaeche_FachGebiet-768x591.jpg 768w, https:\/\/unigardening.de\/netzwerk\/wp-content\/uploads\/2017\/12\/20170721_144807_TU-Flaeche_FachGebiet.jpg 999w\" sizes=\"auto, (max-width: 300px) 100vw, 300px\" \/><\/a><\/p>\n<p><strong> Urban Gardening Konzepte f\u00fcr den Campus Charlottenburg<\/strong>:<\/p>\n<ul>\n<li><a href=\"https:\/\/unigardening.de\/netzwerk\/wp-content\/uploads\/2017\/12\/TU-Berlin_Konzept_Campus_Nord.pdf\" target=\"_blank\" rel=\"noopener\">TU-Berlin_Konzept_Campus_Nord<\/a><\/li>\n<li><a href=\"https:\/\/unigardening.de\/netzwerk\/wp-content\/uploads\/2017\/12\/TU_Flaechen_bei_Architektur-Gebaeude_v2.pdf\" target=\"_blank\" rel=\"noopener\">TU_Flaechen_bei_Architektur-Gebaeude_v2<\/a><\/li>\n<li><a href=\"https:\/\/unigardening.de\/netzwerk\/wp-content\/uploads\/2017\/12\/UniGardeningNetzWerk_Campus-Charlottenburg-TU_2016-06-08_v2017.pdf\" target=\"_blank\" rel=\"noopener\">UniGardening~NetzWerk_Campus-Charlottenburg-TU_2016-06-08_v2017<\/a><br \/>\n\u00dcberblick \u00fcber mehrere TU Fl\u00e4chen<\/li>\n<li><a href=\"https:\/\/unigardening.de\/netzwerk\/wp-content\/uploads\/2017\/12\/TU_Flaechenkonzept_Parkplatz.pdf\" target=\"_blank\" rel=\"noopener\">TU_Flaechenkonzept_Parkplatz<\/a> hinter H-Geb\u00e4ude<\/li>\n<li><a href=\"https:\/\/unigardening.de\/netzwerk\/wp-content\/uploads\/2017\/12\/UniGardeningNetzWerk_Campus-Charlottenburg-UdK_2016-05-24.pdf\" target=\"_blank\" rel=\"noopener\">UniGardening~NetzWerk_Campus-Charlottenburg-UdK_2016-05-24<\/a><\/li>\n<li style=\"margin-left: 26px;\">Fl\u00e4che hinter der Hauptmensa ~ Grafik: <a href=\"https:\/\/unigardening.de\/netzwerk\/wp-content\/uploads\/2017\/12\/UdK_Flaeche_Campus_sued_gruen.pdf\" target=\"_blank\" rel=\"noopener\">UdK_Flaeche_Campus_sued_gruen<\/a><\/li>\n<li><a href=\"https:\/\/unigardening.de\/netzwerk\/wp-content\/uploads\/2017\/12\/TU_Konzept-Atomic.pdf\" target=\"_blank\" rel=\"noopener\">TU_Konzept-Atomic<\/a><\/li>\n<li><a href=\"https:\/\/unigardening.de\/netzwerk\/wp-content\/uploads\/2017\/12\/TU_H-Innenhoefe.pdf\" target=\"_blank\" rel=\"noopener\">TU_H-Innenhoefe<\/a><\/li>\n<li>Link UdK HofGr\u00fcn: <a href=\"http:\/\/design.udk-berlin.de\/2014\/12\/hofgruen\" target=\"_blank\" rel=\"noopener\">http:\/\/design.udk-berlin.de\/2014\/12\/hofgruen<\/a><\/li>\n<\/ul>\n<h4><strong>W\u00f6chentliche Veranstaltung im SommerSemester 2018<\/strong>:<\/h4>\n<p><strong>W\u00f6chentliche Veranstaltung immer Montags 16 &#8211; 18 Uhr<\/strong><br \/>\n<strong>1. Termin<\/strong>: Info-Veranstaltung &amp; Anmeldung am Montag&nbsp; 23.4. 16-18 Uhr<br \/>\n<strong>Ort<\/strong>: <strong>Raum EB 315<\/strong>, TU Berlin, Erweiterungsbau, Str. des 17. Juni 145, 10623 Berlin<\/p>\n<p>Durch eine systematische Suche, Analyse und Akquirierung von potentiellen Fl\u00e4chen\/ Fassaden\/ D\u00e4chern auf dem Campus Charlottenburg und an anderen Berliner Hochschulen, soll UniGardening praktisch erm\u00f6glicht werden.<\/p>\n<p>In der Folge sollen verschiedene Urban Gardening Konzepte, Techniken und Methoden angewendet bzw. (weiter-)entwickelt werden, wie z.B.: Anlegung von Hochbeeten (mit\/ohne Vertikalbegr\u00fcnung), Laubengangsystem, Mischkulturen, Kultivierung von regionalen\/alten Nutz- &amp; Nahrungspflanzen, Garten-\/ Bew\u00e4sserungs-Regel\/Steuer-&amp; Messtechnik, Imkern &#8211; betreiben von Bienenst\u00f6cken, Zucht von Speisepilzen in Campus-Kellern, Kompostierungskonzepte\/ Terra Preta, Ernte &amp; Konservierung.<\/p>\n<p>Die Projektwerkstatt hat einen festen w\u00f6chentlichen Termin, der u.a. dem\/der gruppen\u00fcbergreifenden Austausch \/ Organisation, der gemeinsamen Erarbeitung der theoretischen Grundlagen und Vortr\u00e4gen externer ReferentInnen dient.<br \/>\nAngewendet werden hierbei Methoden und Unterrichtstechniken wie z.B. Pr\u00e4sentation, (Impuls-)Referat, Planspiel, Pinwandmoderation, Mind Map, Blitzlicht-Methode, Fishbowl, Gruppenpuzzle, Rollenspiel, World-Caf\u00e9. Zudem sollen verschiedene Exkursionen durchgef\u00fchrt werden (Besuch anderer Urbaner G\u00e4rten in Berlin und Umgebung, Besichtigung Berliner Dachg\u00e4rten etc.).<\/p>\n<p>An dieser studentischen Lehr-, Forschungs- &amp; Entwicklungsveranstaltung k\u00f6nnen Studierende aller Semester, Studieng\u00e4nge &amp; Hochschulen teilnehmen.<br \/>\nBachelor- &amp; Masterarbeiten zum Themengebiet Urban Gardening und Alternative Agriculture sind auf Anfrage m\u00f6glich.<\/p>\n<p><strong>Weitere Infos &amp; Kontakt<\/strong>: <a href=\"https:\/\/unigardening.de\/netzwerk\/kontaktmoeglichkeiten\"><strong>eMailformular<\/strong> . . . <\/a><\/p>\n","protected":false},"excerpt":{"rendered":"<p>Studentische Projektwerkstatt Laufzeit WiSe 2016\/17 bis SommerSemester 2018 Ziele der Projektwerkstatt &#8222;UniGardening ~ Urbanes G\u00e4rtnern an Berliner Hochschulen&#8220; Unsere inhaltliche Zielstellung ist es grundlegende Kenntnisse der urbanen Landwirtschaft zu erarbeiten und auf Uni-Fl\u00e4chen praktisch zu erproben. Die Erkenntnisse unserer Arbeit sollen u.a. in der Entwicklung eines Moduls mit dem Titel \u201eTheorie und Praxis der Urbanen &hellip; <a href=\"https:\/\/unigardening.de\/netzwerk\/tu-projektwerkstatt\/\" class=\"more-link\"><span class=\"screen-reader-text\">UniGardening TU Berlin Projektwerkstatt<\/span> weiterlesen <span class=\"meta-nav\">&rarr;<\/span><\/a><\/p>\n","protected":false},"author":1,"featured_media":0,"parent":0,"menu_order":0,"comment_status":"closed","ping_status":"closed","template":"","meta":{"ngg_post_thumbnail":0,"footnotes":""},"class_list":["post-33","page","type-page","status-publish","hentry"],"_links":{"self":[{"href":"https:\/\/unigardening.de\/netzwerk\/wp-json\/wp\/v2\/pages\/33","targetHints":{"allow":["GET"]}}],"collection":[{"href":"https:\/\/unigardening.de\/netzwerk\/wp-json\/wp\/v2\/pages"}],"about":[{"href":"https:\/\/unigardening.de\/netzwerk\/wp-json\/wp\/v2\/types\/page"}],"author":[{"embeddable":true,"href":"https:\/\/unigardening.de\/netzwerk\/wp-json\/wp\/v2\/users\/1"}],"replies":[{"embeddable":true,"href":"https:\/\/unigardening.de\/netzwerk\/wp-json\/wp\/v2\/comments?post=33"}],"version-history":[{"count":18,"href":"https:\/\/unigardening.de\/netzwerk\/wp-json\/wp\/v2\/pages\/33\/revisions"}],"predecessor-version":[{"id":1417,"href":"https:\/\/unigardening.de\/netzwerk\/wp-json\/wp\/v2\/pages\/33\/revisions\/1417"}],"wp:attachment":[{"href":"https:\/\/unigardening.de\/netzwerk\/wp-json\/wp\/v2\/media?parent=33"}],"curies":[{"name":"wp","href":"https:\/\/api.w.org\/{rel}","templated":true}]}}