{"id":27,"date":"2016-09-23T22:30:08","date_gmt":"2016-09-23T22:30:08","guid":{"rendered":"https:\/\/unigardening.de\/netzwerk\/?page_id=27"},"modified":"2018-06-24T17:01:04","modified_gmt":"2018-06-24T17:01:04","slug":"eigene-unigardening-initiative-starten","status":"publish","type":"page","link":"https:\/\/unigardening.de\/netzwerk\/eigene-unigardening-initiative-starten\/","title":{"rendered":"Eigene UniGardening Initiative starten"},"content":{"rendered":"<h3>Wie k\u00f6nnt ihr eure eigene UniGardening Initiative auf eurem Hochschulcampus an den Start bringen?!<\/h3>\n<p><strong><img loading=\"lazy\" decoding=\"async\" class=\"alignleft size-full wp-image-240\" src=\"http:\/\/Tatendrang-Netzwerk.eu\/projekte\/wp-content\/uploads\/2016\/02\/RotBluete_1-10anim_4.gif\" alt=\"RotBluete_1-10anim_4\" width=\"69\" height=\"69\">Was braucht man alles f\u00fcr eine UniGardening Initiative?<br \/>\n<\/strong>Hier sind in chronologischer Reihenfolge die notwendigen Schritte aufgef\u00fchrt, um eine UniGardening an deiner Hochschule zu etablieren&#8230;<strong><br \/>\n<\/strong><\/p>\n<ol>\n<li><strong>Engagierte Studis ~<\/strong> um viele Studierende zu finden, die aktiv bei eurer Initiative mitmachen wollen, m\u00fcsstet ihr zuerst etwas Werbung anleieren und ein erstes Kennlerntreffen organisieren.<img loading=\"lazy\" decoding=\"async\" class=\"alignright size-full wp-image-241\" src=\"http:\/\/Tatendrang-Netzwerk.eu\/projekte\/wp-content\/uploads\/2016\/02\/UniGardening_people1a.jpg\" alt=\"UniGardening_people1a\" width=\"164\" height=\"163\"><br \/>\nNeben ansprechend gestalteten Flyern und Plakaten (kann man oftmals beim AStA kopieren oder finanzieren lassen) gibt es viele weitere M\u00f6glichkeiten um auf sich aufmerksam zu machen: eigene Webseite\/Blog, Web 2.0 (facebook, twitter, google+, ein Video auf youtube und vimeo.com etc.), Infostand, eMailverteiler an der Uni, Hochschul-Pressestelle, die Initiative bei entsprechenden Veranstaltungen vorstellen&#8230;<br \/>\nWenn sich dann eine Initiativgruppe zusammengefunden hat, w\u00e4re es gut den Ort und die Zeit von regelm\u00e4\u00dfigen UniGardening-Treffen weiter bekannt zu machen.<\/li>\n<li><strong>Fachgebiete &amp; weitere PartnerInnen ~<\/strong> Das besondere bei UniGardening ist ja dass es sich um einen interdisziplin\u00e4ren Zusammenschluss von engagierten <img loading=\"lazy\" decoding=\"async\" class=\"alignright size-full wp-image-242\" src=\"http:\/\/Tatendrang-Netzwerk.eu\/projekte\/wp-content\/uploads\/2016\/02\/UniGardening_people2a.jpg\" alt=\"UniGardening_people2a\" width=\"148\" height=\"158\">Studierenden, Fachgebieten mit Bezug zu Urban Gardening bzw. zu entsprechenden sozial\u00f6kologischen Fragestellungen und weiteren geeigneten PartnerInnen innerhalb und au\u00dferhalb der Hochschule handelt. Neben der Anlegung von gr\u00fcnen essbaren Oasen auf dem Uni-Campus, geht es eben auch um den wissenschaftlichen Austausch und den Ausbau von Lehre und Forschung zum Themenkomplex.<br \/>\nEine eMail-Vorlage zum Anschreiben von Profs verschiedener Fachgebiete findet ihr <a href=\"#Fachgebiete\">weiter unten&#8230;<br \/>\n<\/a><\/li>\n<li><strong>Fl\u00e4che(n) f\u00fcr Anbau- &amp; Schaug\u00e4rten ~<\/strong> Jetzt habt ihr schon viele Studis, Profs und weitere PartnerInnen, die bei UniGardening an eurer Hochschule mitmachen.<img loading=\"lazy\" decoding=\"async\" class=\"alignright size-full wp-image-243\" src=\"http:\/\/Tatendrang-Netzwerk.eu\/projekte\/wp-content\/uploads\/2016\/02\/UniGardening_people3ab.jpg\" alt=\"UniGardening_people3ab\" width=\"162\" height=\"232\"><br \/>\nWas im wesentlichen noch fehlt, sind die entsprechenden Fl\u00e4chen um richtig loszulegen!<br \/>\nDeshalb m\u00fcsstet ihr jetzt mit der Hochschulverwaltung Kontakt aufnehmen. Es soll ja ein offizielles Ding an eurer Uni werden und kein Guerilla Gardening, dass dann schnell wieder entfernt wird.<br \/>\nZuerst m\u00fcsstet ihr schauen welche Uni-Fl\u00e4chen (ungenutzte\/ g\u00e4rtnerisch nutzbare (Frei)Fl\u00e4chen, Fassaden, Balkone\/ Terassen\/Dachfl\u00e4chen etc.) nach eurer Meinung geeignet sind und diese auf einer Karte eintragen.<\/p>\n<figure id=\"attachment_234\" aria-describedby=\"caption-attachment-234\" style=\"width: 592px\" class=\"wp-caption alignnone\"><img loading=\"lazy\" decoding=\"async\" class=\"wp-image-234 size-full\" title=\"exemplarisches Beispiel HU Berlin\" src=\"http:\/\/Tatendrang-Netzwerk.eu\/projekte\/wp-content\/uploads\/2016\/02\/UniGardening_Studentenwerk_HU_Berlin_3.jpg\" alt=\"UniGardening_Studentenwerk_HU_Berlin_3\" width=\"592\" height=\"469\"><figcaption id=\"caption-attachment-234\" class=\"wp-caption-text\">Karte: fiktives Beispiel HU Berlin<\/figcaption><\/figure>\n<p>Und jetzt solltet ihr euch erstmal eine einfache Fl\u00e4che heraussuchen, mit der ihr anfangen wollt und welche besonders gute Voraussetzungen mitbringt:<\/p>\n<ul>\n<li>ist ausreichend viel Licht\/Sonne vorhanden?<\/li>\n<li>Umsetzbarkeit (eine Freifl\u00e4che z.B. ist wesentlich weniger kostenintensiv und einfacher umzusetzen als ein Dachgarten)<\/li>\n<li>ist Muttererde vorhanden?<\/li>\n<li>muss mit Hochbeeten gearbeitet werden weil die Fl\u00e4che versiegelt ist?<\/li>\n<li>Zugang zu Wasserversorgung<\/li>\n<li>Mikroklima &amp; Wind<\/li>\n<li>kann man die Arbeitsger\u00e4te in der N\u00e4he lagern?<\/li>\n<li>\u00d6ffentlichkeit: ist die Fl\u00e4che eher versteckt oder stark frequentiert (m\u00f6gliches Vandalismusproblem)<\/li>\n<li>Zwischennutzung: kann eine Fl\u00e4che als \u00dcbergangsl\u00f6sung genutzt werden?<\/li>\n<li>weitere Punkte?!<\/li>\n<\/ul>\n<p>Dann reduziert ihr die Karte auf die einfachen Fl\u00e4chen, und schickt diese per eMail an verschiedene Stellen eurer Uni-Verwaltung und weitere potentielle Unterst\u00fctzerInnen. Eine Beispiel eMailvorlage findet ihr <a href=\"#Verwaltung\">weiter unten&#8230;<\/a><\/li>\n<li><strong>Infrastruktur \/ Pflanzen, Samen, Erde, Baumaterial, Werkzeuge\/Ger\u00e4tschaften, Wasser etc. ~<\/strong> Um einen UniGarten anzulegen braucht es eine gute (Zeit-)Planung, Material &amp; Infrastruktur etc. &#8211; aber woher bekommt ihr jetzt das ganze Material?!<br \/>\nZum einen k\u00f6nnt ihr versuchen bereits vorhandene M\u00f6glichkeiten an eurer Hochschule mitzunutzen. Dann gibt es an vielen Hochschulen auch F\u00f6rderm\u00f6glichkeiten, z.B. ein F\u00f6rderverein der Hochschule oder den AStA.<br \/>\nExtern kann man bei entsprechenden Stiftungen (die G\u00e4rtnerInitiativen f\u00f6rdern), Vereinen und Unternehmen wegen (Material-)Spenden, Sponsoring oder Kooperationen nachfragen. Staatliche Hochschulen sind K\u00f6rperschaften \u00f6ffentlichen Rechts und somit k\u00f6nnen eure beteiligten Fachgebiete auch Spendenquittungen ausstellen.<\/p>\n<hr>\n<p><strong>Hier einige Links&nbsp;<\/strong><\/p>\n<ul>\n<li><strong>Link<\/strong>: <a href=\"https:\/\/de.wikipedia.org\/wiki\/Netzwerk_Selbsthilfe\" target=\"_blank\" rel=\"noopener\">Netzwerk Selbsthilfe e.V.<\/a> ~ ber\u00e4t und unterst\u00fctzt u.a. politische, soziale und kulturelle Initiativen<\/li>\n<li><strong>Link<\/strong>: <a href=\"http:\/\/www.stiftungen.org\" target=\"_blank\" rel=\"noopener\">www.stiftungen.org <\/a> ~ Portal mit Suchfunktion f\u00fcr Stiftungen<\/li>\n<\/ul>\n<\/li>\n<\/ol>\n<p><a id=\"Fachgebiete\"><\/a>.<\/p>\n<hr>\n<h3>Okay dann kanns ja los gehen \ud83d\ude09<\/h3>\n<p><img loading=\"lazy\" decoding=\"async\" class=\"alignright size-full wp-image-216\" src=\"http:\/\/Tatendrang-Netzwerk.eu\/projekte\/wp-content\/uploads\/2016\/01\/UniGardening-NetzWerk_UGNW_Logo-1.jpg\" alt=\"UniGardening-NetzWerk_UGNW_Logo\" width=\"199\" height=\"86\">Wenn ihr noch Fragen oder Anregungen habt, k\u00f6nnt ihr uns ja einfach schreiben. Diese Schritt-f\u00fcrSchritt Anleitung wird in Zukunft noch weiter verfeinert.<br \/>\n<strong>Viel Erfolg bei eurer neuen UniGardening-Initiative<em>!<\/em><\/strong><\/p>\n<hr>\n<h3>eMail-Beispielvorlage an Fachgebiete<\/h3>\n<p><strong>Hier ist eine exemplarische eMail-Vorlage, die ihr an Fachgebiete eurer Hochschule senden k\u00f6nnt.<br \/>\n<\/strong>Die Vorlage kann man leicht anpassen, einfach die Angaben in den geschweiften Klammern \u00e4ndern, am besten ist es immer die LeiterInnen von Fachgebieten pers\u00f6nlich anzuschreiben&#8230;<\/p>\n<p><span style=\"color: #008000;\"><strong>Betreff<\/strong><\/span>: Unterst\u00fctzung f\u00fcr UniGardening an der {Name der Hochschule}<\/p>\n<p><strong>Sehr geehrte{r} {Anrede} {Titel} {Nachname},<\/strong><br \/>\n<span style=\"color: #008000;\"><strong>Alternativ<\/strong><\/span>: {Sehr geehrte Damen und Herren,}<\/p>\n<p>wir die studentische Projektgruppe &#8222;UniGardening NetzWerk ~ Urbanes G\u00e4rtnern an Hochschulen&#8220; an der {Name eurer Hochschule} m\u00f6chten Sie um Ihre Unterst\u00fctzung bitten.<\/p>\n<p>UniGardening ist im WS 2013\/14 als Kooperation des studentischen Projektes &#8222;Permakultur &amp; Terra Preta&#8220; an der Technischen Universit\u00e4t Berlin und der FU Initiative &#8222;Sustain IT!&#8220; im Botanischen Garten der Freien Universit\u00e4t Berlin entstanden und wird jetzt als UniGardening-NetzWerk hochschul\u00fcbergreifend weiterentwickelt.<\/p>\n<p>Beim &#8222;UniGardening NetzWerk ~ Urbanes G\u00e4rtnern an Hochschulen&#8220; handelt es sich um einen interdisziplin\u00e4ren Zusammenschluss von engagierten Studierenden und Fachgebieten mit Bezug zu Urban Gardening bzw. zu entsprechenden sozial\u00f6kologischen Fragestellungen.<br \/>\nDas Netzwerk hat u.a. zusammen mit Studierenden und MitarbeiterInnen die Anlegung von gr\u00fcnen &#8222;essbaren&#8220; Oasen auf dem Hochschul-Campus, sowie die interdisziplin\u00e4re Vernetzung, den wissenschaftlichen Austausch und den Ausbau von Lehre und Forschung zum Themenkomplex als Ziel. Somit kann die Theorie und Praxis des Urban Gardening bzw. die alte Kulturtechnik des G\u00e4rtnerns auch \u00fcber den Campus hinaus weiter verbreitet werden.<br \/>\nIn einem ersten {Name eurer Hochschule} UniGardening-Schaugarten sollen verschiedene Urban Gardening Konzepte und Methoden angewendet bzw. erprobt werden, wie z.B.: Anlegung von Hochbeeten (mit\/ohne Vertikalbegr\u00fcnung), Laubengangsystem, Mischkulturen, Kompostierung bzw. Herstellung von Terra Preta, Kultivierung von regionalen\/alten Sorten, Bew\u00e4sserungssysteme, Ernte &amp; Konservierung.<\/p>\n<p>Wir w\u00fcrden uns sehr \u00fcber Ihre Unterst\u00fctzung bzw. eine Kooperation freuen und m\u00f6chten daher einen pers\u00f6nlichen Gespr\u00e4chstermin vereinbaren.<\/p>\n<p>Mit besten Gr\u00fc\u00dfen<\/p>\n<p>{Namen AnsprechpartnerInnen}<\/p>\n<p>{Kontakt\/Tel; Link Webseite; Anhang etc.<br \/>\n~ http:\/\/Tatendrang-Netzwerk.eu\/projekte }<br \/>\n<a id=\"Verwaltung\"><\/a>.<\/p>\n<hr>\n<h3>eMail-Beispielvorlage an die Hochschulverwaltung &amp; die Politik<\/h3>\n<p>Dies ist die eMail-Vorlage f\u00fcr eure Hochschulverwaltung = <strong><span style=\"color: #008000;\">V1<\/span><\/strong> bzw. f\u00fcr die (politische) Unterst\u00fctzung = <strong><span style=\"color: #008000;\">V2<\/span><\/strong> innerhalb &amp; au\u00dferhalb der Hochschule. Ihr k\u00f6nnt sie einfach an eure lokalen Gegebenheiten anpassen&#8230;<\/p>\n<ol>\n<li>Mit der Hochschulverwaltung sind speziell die Abteilungen an eurer Hochschule gemeint, die f\u00fcr Fl\u00e4chen und Geb\u00e4ude zust\u00e4ndig sind.<\/li>\n<li>Mit (politischer) Unterst\u00fctzung sind weitere Hochschulmitarbeiter und Hochschulexterne gemeint, ideal w\u00e4re eine Schirmherrschaft von einflussreichen Akteuren&#8230;\n<ul>\n<li>Hochschulintern: Hochschulpr\u00e4sident\/in, Vizepr\u00e4sident\/in, Kanzler\/in, Umweltbeauftragte, Dekane\/Fakult\u00e4tsr\u00e4te, weitere Gremienmitglieder &amp; MitarbeiterInnen &#8230;<\/li>\n<li>Hochschulextern: Umweltverb\u00e4nde (<a title=\"Bund f\u00fcr Umwelt und Naturschutz Deutschland e.V. ~ Friends of the Earth Germany\" href=\"http:\/\/www.bund.net\" target=\"_blank\" rel=\"noopener\">BUND<\/a> &amp; <a href=\"http:\/\/bundjugend.de\" target=\"_blank\" rel=\"noopener\">BUNDjugend<\/a>, <a title=\"Naturschutzbund Deutschland e.V.\" href=\"https:\/\/www.nabu.de\" target=\"_blank\" rel=\"noopener\">NABU<\/a> &amp; <a title=\"Naturschutzjugend \" href=\"http:\/\/www.naju.de\" target=\"_blank\" rel=\"noopener\">NAJU<\/a>, <a href=\"http:\/\/www.naturfreundejugend.de\" target=\"_blank\" rel=\"noopener\">Naturfreundejugend<\/a>, <a href=\"http:\/\/www.greenpeace.de\/gruppen\/uebersicht\" target=\"_blank\" rel=\"noopener\">Greenpeace<\/a>), B\u00fcrgermeister\/in, Kommunal-&amp; Landespolitik \/ Ministerpr\u00e4sident\/in \/ Bildungsminister\/in etc.<\/li>\n<\/ul>\n<p>Wichtig ist es dabei auch politische Vorgaben bzw. Selbstverpflichtungen (von der Hochschule, der Stadt, der Landesregierung etc. ) zu recherchieren und einzubauen, dies kann die Sache argumentativ entscheident beschleunigen<em>!<\/em><\/li>\n<\/ol>\n<hr>\n<p><strong><span style=\"color: #008000;\">eMail-Betreff V1<\/span><\/strong>: UniGardening @ {Name der Hochschule} Terminanfrage<br \/>\n<strong><span style=\"color: #008000;\">eMail-Betreff V2<\/span><\/strong>: UniGardening @ {Name der Hochschule} Unterst\u00fctzung<\/p>\n<p><strong>Sehr geehrte{r} {Anrede} {Titel} {Nachname},<\/strong><br \/>\n<span style=\"color: #008000;\"><strong>Alternativ<\/strong><\/span>: {Sehr geehrte Damen und Herren,}<\/p>\n<p><span style=\"color: #008000;\"><strong>Erster Satz V1<\/strong><\/span>: wir m\u00f6chten Sie um einen Gespr\u00e4chstermin bez\u00fcglich &#8222;UniGardening NetzWerk ~ Urbanes G\u00e4rtnern an Hochschulen&#8220; an der {Name der Hochschule} bitten.<\/p>\n<p><span style=\"color: #008000;\"><strong>Erster Satz V2<\/strong><\/span>: wir m\u00f6chten Sie um Ihre Unterst\u00fctzung f\u00fcr &#8222;UniGardening NetzWerk ~ Urbanes G\u00e4rtnern an Hochschulen&#8220; an der {Name eurer Hochschule} bitten.<\/p>\n<p>Beim &#8222;UniGardening NetzWerk ~ Urbanes G\u00e4rtnern an Hochschulen&#8220; handelt es sich um einen interdisziplin\u00e4ren Zusammenschluss von engagierten Studierenden und Fachgebieten mit Bezug zu Urban Gardening bzw. zu entsprechenden sozial\u00f6kologischen Fragestellungen an der {Name eurer Hochschule}.<br \/>\nDas Netzwerk hat u.a. die Anlegung von gr\u00fcnen &#8222;essbaren&#8220; Oasen auf dem Hochschul-Campus, sowie die interdisziplin\u00e4re Vernetzung, den wissenschaftlichen Austausch und den Ausbau von Lehre und Forschung zum Themenkomplex als Ziel.<br \/>\nIn einem ersten {Name der Hochschule} UniGardening-Schaugarten sollen verschiedene Urban Gardening Konzepte und Methoden angewendet bzw. erprobt werden, wie z.B.: Anlegung von Hochbeeten (mit\/ohne Vertikalbegr\u00fcnung), Laubengangsystem, Mischkulturen, Kompostierung bzw. Herstellung von Terra Preta, Kultivierung von regionalen\/alten Sorten, Bew\u00e4sserungssysteme, Ernte &amp; Konservierung.<\/p>\n<p>UniGardening ist urspr\u00fcnglich als Kooperation des studentischen Projektes &#8222;Permakultur &amp; Terra Preta&#8220; an der Technischen Universit\u00e4t Berlin und der FU Initiative &#8222;Sustain IT!&#8220; im Botanischen Garten der Freien Universit\u00e4t Berlin entstanden und wird jetzt als UniGardening-NetzWerk hochschul\u00fcbergreifend weiterentwickelt.<\/p>\n<p>Wir halten die folgende Fl\u00e4che an der {Name eurer Hochschule} f\u00fcr einen UniGardening Schaugarten als geeignet:<\/p>\n<figure id=\"attachment_235\" aria-describedby=\"caption-attachment-235\" style=\"width: 496px\" class=\"wp-caption alignnone\"><img loading=\"lazy\" decoding=\"async\" class=\"wp-image-235 size-full\" title=\"Fiktive Karte UniGardening HU-Berlin \" src=\"http:\/\/Tatendrang-Netzwerk.eu\/projekte\/wp-content\/uploads\/2016\/02\/UniGardening_Studentenwerk_HU_Berlin_4.jpg\" alt=\"Fiktive Karte UniGardening__HU_Berlin_4\" width=\"496\" height=\"287\"><figcaption id=\"caption-attachment-235\" class=\"wp-caption-text\">Karte: Fiktive Fl\u00e4che in Berlin<\/figcaption><\/figure>\n<p><span style=\"color: #008000;\"><strong>{Fl\u00e4che 1 &#8211; Teilbereich von ca. 200m\u00b2<\/strong><\/span>: Lage direkt hinter dem Hauptgeb\u00e4ude. Seit Jahren werden Teile dieser Fl\u00e4che (insgesamt ca. 800m\u00b2) als Parkplatz benutzt.<br \/>\nDa diese Fl\u00e4che gro\u00dfteils stark verdichtet ist, w\u00e4re hier der oben beschriebene Schaugartenansatz mit Hochbeeten einfach umsetzbar: Pflanzkisten auf Europaletten mit automatischem Bew\u00e4sserungssystem. Diese Art Pflanzkisten finden u.a. auch in den Prinzessinneng\u00e4rten in Berlin-Kreuzberg, sowie bei dem Dachgartenprojekt Klunkerkranich in Berlin-Neuk\u00f6lln Anwendung. <span style=\"color: #008000;\"><strong>~ dies ist eine Beispielbeschreibung einer fiktiven Fl\u00e4che in Berlin, bitte hier eure eigenen Angaben einf\u00fcgen}<\/strong><\/span><\/p>\n<p>Ein Nutzungsplan f\u00fcr die Fl\u00e4che soll gemeinsam mit den Studierenden und den beteiligten Fachgebieten, sowie in Absprache mit der {Name der Hochschule} Verwaltung erstellt werden.<br \/>\n{Herr\/Frau Prof. NAME vom Fachgebiet XY} hatte sich bereits bereiterkl\u00e4rt, den UniGardening Schaugarten fachlich zu betreuen, wobei dabei eine interdisziplin\u00e4re Kooperation mit weiteren Fachgebieten geplant ist.<\/p>\n<p>Urban Gardening bzw. Urban Farming ist ein wichtiger partizipativer Ansatz, durch dessen Beitrag zahlreiche soziale bzw. \u00f6kologische Probleme angegangen werden k\u00f6nnen. Hochschulen sollten hierbei mit Urban Gardening Leuchtturmprojekten vor Ort eine Vorreiterrolle einnehmen:<\/p>\n<ul>\n<li>~ Biodiversit\u00e4t in der Stadt: durch spezielle Anbaumethoden wie Mischkulturen kann die biologische Vielfalt in der Stadt deutlich erh\u00f6ht werden<\/li>\n<li>~ Im Hinblick auf die Klimaerw\u00e4rmung: Verbesserung des Stadtklimas durch Pflanzenk\u00fchlung, Energiespareffekte durch isolierende Wirkung auf\/an Geb\u00e4uden, Verbesserung des Wirkungsgrades von Photovoltaikanlagen mit kombinierter Dachbegr\u00fcnung<\/li>\n<li>~ Bindung von atmosph\u00e4rischem Kohlenstoff (CO2-Senken) in Pflanzenmasse (B\u00e4ume, mehrj\u00e4hrige Nutz- &amp; Nahrungspflanzen, Produkte aus NachWachsenden Rohstoffen) und in humusreichem Boden\/Terra Preta<\/li>\n<li>~ Soziale Aspekte: Austausch mit der Nachbarschaft, Gestaltung\/ Versch\u00f6nerung des eigenen Umfeldes\/ des Kiezes, teilweise Selbstversorgung mit Lebensmitteln (u.a. auf dem Balkon\/ dem Dachgarten, an der Fassade, Speisepilze im Keller etc.), Bildung\/ Theorie &amp; Praxis zu Land- &amp; Gartenwirtschaft und gesunder Ern\u00e4hrung etc.<\/li>\n<li>~ Alternativen entwickeln zur derzeitigen Industrielle Landwirtschaft und Lebensmittelproduktion\/ logistik, die unz\u00e4hlige Probleme verursacht<\/li>\n<li>~ wachsende Weltbev\u00f6lkerung bei gleichzeitiger Verschlechterung der Anbaubedingungen z.B. durch Degenerierung\/Erosion der B\u00f6den<\/li>\n<li>~ \u00fcber die H\u00e4lfte der Weltbev\u00f6lkerung wird in Zukunft in St\u00e4dten leben, daher machen Anbausysteme auf zahlreichen geeigneten (Dach-)Fl\u00e4chen\/Fassaden vor Ort Sinn<\/li>\n<li>~ \u00d6konomische Effekte: Entwicklung von neuen Methoden, Techniken und Gesch\u00e4ftsmodellen, neue Start Ups, Vorreiterschaft auf diesen Gebieten<\/li>\n<\/ul>\n<p><span style=\"color: #008000;\"><strong>{Beispiele politische Vorgaben Anfang}<\/strong><\/span><br \/>\n<em>Im Dezember 2015 wurde vom Senat der Entwurf f\u00fcr das Berliner Energie- und Klimaschutzprogramm (BEK) pr\u00e4sentiert. Hier findet man im Bezug auf die Hochschulen auch potenzielle Leitprojekte des Handlungsfelds Geb\u00e4ude &amp; Stadtentwicklung (inkl. CO2-Senken) &#8211; Auszug:<\/em><\/p>\n<p><em>&#8222;Klimaneutraler Uni-Campus: Mittels Klimaschutzvereinbarungen zwischen dem Land Berlin und den drei gro\u00dfen Universit\u00e4ten sowie ggf. weitere Hochschulen kann das Thema Klimaschutz und Energieeffizienz breiter mit Forschung und Lehre bzw. Innovation verkn\u00fcpft werden als bislang. Im Einzelnen existieren bereits vorbildliche Ans\u00e4tze&#8230;&#8220;<\/em><br \/>\n<em> <span style=\"color: #008000;\">Link<\/span>: <a href=\"https:\/\/klimaneutrales.berlin.de\" target=\"_blank\" rel=\"noopener\">https:\/\/klimaneutrales.berlin.de<\/a><\/em><\/p>\n<p><em>Die {Name der Hochschule} hat sich in ihrem Leitbild zur Nachhaltigen Entwicklung verpflichtet: &#8222;Wir wollen Wissenschaft und Technik zum Nutzen unserer Gesellschaft weiterentwickeln. Die Mitglieder der {Name der Hochschule} sind dem Prinzip der nachhaltigen Entwicklung verpflichtet, das den Erfordernissen der Gegenwart gerecht wird und zugleich nicht zu Lasten zuk\u00fcnftiger Generationen geht.&#8220;<\/em><br \/>\n<em> Dass die {Name der Hochschule} in diesem Zusammenhang auch den autofreien Campus anstrebt, bietet in Zukunft neue Anbaum\u00f6glichkeiten f\u00fcr Urban Gardening auf dem Campus der {Name der Hochschule} .<\/em><br \/>\n<em> Auch sollte zuk\u00fcnftig bei der Neugestaltung von Campusfl\u00e4chen und -geb\u00e4uden standardm\u00e4\u00dfig die Integration von Urban Gardening bzw. Urban Farming Konzepten umgesetzt werden.<\/em><br \/>\n<em> Daher m\u00f6chten wir ebenfalls die Anlegung eines ersten Dachgartens auf einem {Name der Hochschule} &#8211; Geb\u00e4ude anregen, der sowohl zur Erholung, als auch f\u00fcr die Kultivierung von Nutz- &amp; Nahrungspflanzen dienen soll.<\/em><br \/>\n<span style=\"color: #008000;\"><strong>{Beispiele politische Vorgaben Ende}<\/strong><\/span><\/p>\n<p><span style=\"color: #008000;\"><strong>Letzter Satz V1<\/strong><\/span>: Wir freuen uns auf Ihr Feedback und w\u00fcrden gerne f\u00fcr die {KW &#8230; Zeitangabe} einen pers\u00f6nlichen Gespr\u00e4chstermin vereinbaren.<\/p>\n<p><span style=\"color: #008000;\"><strong>Letzter Satz V2<\/strong><\/span>: Wir w\u00fcrden uns \u00fcber Ihr Feedback und Ihre Unterst\u00fctzung f\u00fcr UniGardening an der {Name der Hochschule} freuen.<\/p>\n<p>Mit besten Gr\u00fc\u00dfen<br \/>\n{Namen AnsprechpartnerInnen}<\/p>\n<p><strong>_Liste der beteiligten Studierenden<\/strong><br \/>\nName \/ Studienfach \/ Hochschule<\/p>\n<p><strong>_Liste der beteiligten Fachgebiete<br \/>\n<\/strong>Fachgebiet Bezeichnung \/ Name der\/des ProfessorIn<strong><br \/>\n<\/strong><\/p>\n<p><strong>_Liste von Externen Unterst\u00fctzerInnen<\/strong><br \/>\nName \/ Initiative<\/p>\n<p><strong>_Kontaktdaten &amp; Link: zu eurer Webseite<br \/>\n<\/strong><\/p>\n<p><img loading=\"lazy\" decoding=\"async\" class=\"wp-image-217 size-full alignnone\" src=\"http:\/\/Tatendrang-Netzwerk.eu\/projekte\/wp-content\/uploads\/2016\/01\/gartencoop-1.jpg\" alt=\"gartencoop\" width=\"199\" height=\"169\"><\/p>\n","protected":false},"excerpt":{"rendered":"<p>Wie k\u00f6nnt ihr eure eigene UniGardening Initiative auf eurem Hochschulcampus an den Start bringen?! Was braucht man alles f\u00fcr eine UniGardening Initiative? Hier sind in chronologischer Reihenfolge die notwendigen Schritte aufgef\u00fchrt, um eine UniGardening an deiner Hochschule zu etablieren&#8230; Engagierte Studis ~ um viele Studierende zu finden, die aktiv bei eurer Initiative mitmachen wollen, m\u00fcsstet &hellip; <a href=\"https:\/\/unigardening.de\/netzwerk\/eigene-unigardening-initiative-starten\/\" class=\"more-link\"><span class=\"screen-reader-text\">Eigene UniGardening Initiative starten<\/span> weiterlesen <span class=\"meta-nav\">&rarr;<\/span><\/a><\/p>\n","protected":false},"author":1,"featured_media":0,"parent":0,"menu_order":0,"comment_status":"closed","ping_status":"closed","template":"","meta":{"ngg_post_thumbnail":0,"footnotes":""},"class_list":["post-27","page","type-page","status-publish","hentry"],"_links":{"self":[{"href":"https:\/\/unigardening.de\/netzwerk\/wp-json\/wp\/v2\/pages\/27","targetHints":{"allow":["GET"]}}],"collection":[{"href":"https:\/\/unigardening.de\/netzwerk\/wp-json\/wp\/v2\/pages"}],"about":[{"href":"https:\/\/unigardening.de\/netzwerk\/wp-json\/wp\/v2\/types\/page"}],"author":[{"embeddable":true,"href":"https:\/\/unigardening.de\/netzwerk\/wp-json\/wp\/v2\/users\/1"}],"replies":[{"embeddable":true,"href":"https:\/\/unigardening.de\/netzwerk\/wp-json\/wp\/v2\/comments?post=27"}],"version-history":[{"count":3,"href":"https:\/\/unigardening.de\/netzwerk\/wp-json\/wp\/v2\/pages\/27\/revisions"}],"predecessor-version":[{"id":1084,"href":"https:\/\/unigardening.de\/netzwerk\/wp-json\/wp\/v2\/pages\/27\/revisions\/1084"}],"wp:attachment":[{"href":"https:\/\/unigardening.de\/netzwerk\/wp-json\/wp\/v2\/media?parent=27"}],"curies":[{"name":"wp","href":"https:\/\/api.w.org\/{rel}","templated":true}]}}